{"id":28177,"date":"2023-04-30T07:04:00","date_gmt":"2023-04-30T07:04:00","guid":{"rendered":"https:\/\/www.digirocks.fr\/?page_id=28177"},"modified":"2025-08-25T08:14:27","modified_gmt":"2025-08-25T08:14:27","slug":"vision-digirocks","status":"publish","type":"page","link":"https:\/\/www.digirocks.fr\/en\/a-propos\/vision-digirocks\/","title":{"rendered":"La Vision digiRocks"},"content":{"rendered":"<h1>Notre vision : Recruter autrement<\/h1>\n<p>Depuis 2017, nous avons d\u00e9cid\u00e9 de r\u00e9-inventer le recrutement en commen\u00e7ant par une niche de 75 m\u00e9tiers digitaux et IT (hors d\u00e9veloppeurs).<br \/>\nEn France c&#8217;est un march\u00e9 de 75 milliards d&#8217;euros et il y a 1500 cabinets de recrutement dont certains, comme digiRocks sont sp\u00e9cialis\u00e9s dans le digital.<\/p>\n<p>Pourquoi aucun de ces cabinets de recrutement digital ne r\u00e9alise 7,5 millions d&#8217;euros de Chiffre d&#8217;affaires (10% du march\u00e9) ?<br \/>\nPourquoi est-ce que seulement 30% des entreprises fran\u00e7aises font appel \u00e0 un cabinet de recrutement ?<br \/>\nPourquoi les cabinets de recrutement, au final ont une r\u00e9putation de pousse CV ?<br \/>\nPourquoi les candidat(e)s n&#8217;ont pas de r\u00e9ponse lorsqu&#8217;ils postulent ?<\/p>\n<h3>&#x231a;Le recrutement n&#8217;a pas \u00e9t\u00e9 hack\u00e9<\/h3>\n<p>Ni par des humains. Ni par des plateformes. Ni par l&#8217;Intelligence artificielle.<br \/>\ndigiRocks ne l&#8217;a pas encore hack\u00e9 non plus, malgr\u00e9 nos 5000 recrutements et nos 450 clients, pourquoi ?<\/p>\n<p><strong>Car il faut repartir de la base : le CV est pourri, les offres de jobs aussi. Ce sont des objets.\u00a0<\/strong><br \/>\nHors le recrutement est une rencontre, notre obsession est de comprendre les trajectoires d&#8217;individus :<br \/>\n&#8211; en mettant la conversation au centre<br \/>\n&#8211; en marketant les candidat(e)s pour les aider gratuitement \u00e0 avoir un Pitch un CV, un profil LinkedIn qui leur ressemble<br \/>\n&#8211; en marketant les offres de job pour aider Manager digital et RH \u00e0 avoir des annonces attirantes qui disent l&#8217;essentiel<br \/>\n&#8211; enfin en rendant cela visible sur LinkedIn et via une tech propri\u00e9taire digiRocks<\/p>\n<p><strong>Et la cadence d&#8217;un recrutement r\u00e9ussi on en parle ?<\/strong><br \/>\nRien de pire qu\u2019un recrutement qui s\u2019\u00e9ternise sur de longues semaines tant c\u00f4t\u00e9 candidat que recruteur !<br \/>\nR\u00e9pondre \u00e0 toutes et \u00e0 tous en 24h,\u00a0<span style=\"font-weight: 400;\">pr\u00e9senter 2 (vrais) Talents en 15 jours, recruter en 30 jours voil\u00e0 nos engagements.<br \/>\nEt nous faisons tout pour ne pas perdre de temps ni au lancement des jobs, ni lors des debrief, ni lors des n\u00e9gociations.<br \/>\nL&#8217;alliance d&#8217;une tech propri\u00e9taire, de 20 Rockers et d&#8217;une recette qui donne la cadence !<br \/>\nD&#8217;ailleurs, nous ne sommes pay\u00e9s que si on r\u00e9ussit alors&#8230;<\/span><\/p>\n<h3>&#x1f680;Le futur of work n&#8217;a pas \u00e9t\u00e9 hack\u00e9<\/h3>\n<p><span style=\"font-weight: 400;\">En 2017, nous avons fait le choix d&#8217;une entreprise <strong>100% \u00e0 distance, Full Remote, 100% t\u00e9l\u00e9travail<\/strong> !<br \/>\nTravailler chez nous tout simplement,\u00a0 se voir tous les 3 ou 4 mois en digiTour.<br \/>\nEchanger en interne sur Slack, capitaliser sur Notion, converser en visioconf\u00e9rence. Le reste du temps on est libre.<br \/>\nBref, on a fait de digiRocks un Laboratoire du Futurofwork avec 6 ans de recul et d&#8217;exp\u00e9rience.<br \/>\nBien avant le Covid.<\/span><\/p>\n<p><strong>De 2017 \u00e0 2022 on a \u00e9t\u00e9 un r\u00e9seau d&#8217;affili\u00e9s, sans salari\u00e9<\/strong><br \/>\nJean-Patrick Manzoni le fondateur ne voulait plus s&#8217;emb\u00eater avec des salari\u00e9s&#8230;<br \/>\n&#8230;comment dire : il n&#8217;y a que les idiots qui ne changent pas d&#8217;avis !<br \/>\nBref d\u00e9sormais on est une vingtaine d&#8217;affili\u00e9s + de salari\u00e9(e)s. Mix\u00e9s.<br \/>\nDes trentenaires, des quadrag\u00e9naires, des quinquag\u00e9naires.<br \/>\nR\u00e9partis partout en France et m\u00eame en Corse&#8230;<\/p>\n<p><span style=\"font-weight: 400;\"><strong>En 2023, on a mis en place la semaine de 4 jours tous les 15 jours.\u00a0<\/strong><br \/>\nOn vous fera un REX bient\u00f4t, promis, pour le moment on teste !<br \/>\nC&#8217;est pas facile d&#8217;ailleurs.<\/span><\/p>\n<p>Voil\u00e0 notre vision : hacker le recrutement tout en faisant de digiRocks un Lab du futurofwork.<br \/>\nAdeline dirait que c&#8217;est une marieuse de Talents, elle a raison.<br \/>\nCar au final, ce qui nous anime c&#8217;est bien les matchs entre Talents et jobenor.<\/p>","protected":false},"excerpt":{"rendered":"<p>Notre vision : Recruter autrement Depuis 2017, nous avons d\u00e9cid\u00e9 de r\u00e9-inventer le recrutement en commen\u00e7ant par une niche de 75 m\u00e9tiers digitaux et IT (hors d\u00e9veloppeurs). En France c&#8217;est un march\u00e9 de 75 milliards d&#8217;euros et il y a [&hellip;]<\/p>\n","protected":false},"author":30,"featured_media":58213,"parent":734,"menu_order":0,"comment_status":"closed","ping_status":"closed","template":"","meta":{"_acf_changed":false,"footnotes":""},"class_list":["post-28177","page","type-page","status-publish","has-post-thumbnail","hentry"],"acf":[],"_links":{"self":[{"href":"https:\/\/www.digirocks.fr\/en\/wp-json\/wp\/v2\/pages\/28177","targetHints":{"allow":["GET"]}}],"collection":[{"href":"https:\/\/www.digirocks.fr\/en\/wp-json\/wp\/v2\/pages"}],"about":[{"href":"https:\/\/www.digirocks.fr\/en\/wp-json\/wp\/v2\/types\/page"}],"author":[{"embeddable":true,"href":"https:\/\/www.digirocks.fr\/en\/wp-json\/wp\/v2\/users\/30"}],"replies":[{"embeddable":true,"href":"https:\/\/www.digirocks.fr\/en\/wp-json\/wp\/v2\/comments?post=28177"}],"version-history":[{"count":11,"href":"https:\/\/www.digirocks.fr\/en\/wp-json\/wp\/v2\/pages\/28177\/revisions"}],"predecessor-version":[{"id":58866,"href":"https:\/\/www.digirocks.fr\/en\/wp-json\/wp\/v2\/pages\/28177\/revisions\/58866"}],"up":[{"embeddable":true,"href":"https:\/\/www.digirocks.fr\/en\/wp-json\/wp\/v2\/pages\/734"}],"wp:featuredmedia":[{"embeddable":true,"href":"https:\/\/www.digirocks.fr\/en\/wp-json\/wp\/v2\/media\/58213"}],"wp:attachment":[{"href":"https:\/\/www.digirocks.fr\/en\/wp-json\/wp\/v2\/media?parent=28177"}],"curies":[{"name":"wp","href":"https:\/\/api.w.org\/{rel}","templated":true}]}}