{"id":28240,"date":"2023-04-30T08:34:27","date_gmt":"2023-04-30T08:34:27","guid":{"rendered":"https:\/\/www.digirocks.fr\/?page_id=28240"},"modified":"2023-04-30T08:34:27","modified_gmt":"2023-04-30T08:34:27","slug":"digirocks-working-method","status":"publish","type":"page","link":"https:\/\/www.digirocks.fr\/en\/a-propos\/digirocks-working-method\/","title":{"rendered":"The digiRocks working method"},"content":{"rendered":"<h1>The digiRocks working method<\/h1>\n<h2>At DigiRocks, we have a 100% teleworking organization.<\/h2>\n<h3>This organization enables us to work efficiently thanks to our work rituals.<\/h3>\n<p>We have <strong>week launch<\/strong> chaque lundi \u00e0 10h pour les Rocker salari\u00e9s, suivies d&#8217;une <strong>monthly meeting<\/strong> the first Monday of the month for all rockers.<\/p>\n<p>We also have a <strong>monthly meeting<\/strong> dedicated to Rocker Affiliates on the second Monday of the month, and an extended CODIR on the fourth Monday of the month for the CEO, COO, CMO, CCO and CTO.<\/p>\n<h3>We also offer sharing and continuing education sessions:<\/h3>\n<ul>\n<li>every other Wednesday at 2pm for all rockers,<\/li>\n<li>as well as work and sharing sessions for Salaried Rockers.<\/li>\n<\/ul>\n<h3>Pour renforcer notre esprit d&#8217;\u00e9quipe et pour nous permettre de nous conna\u00eetre mieux<\/h3>\n<ul>\n<li>we organize digiTours \/ Minitours<\/li>\n<li>three times a year when we're all together for three days.<\/li>\n<li>Work and fun for these moments of work, sharing and togetherness!<\/li>\n<\/ul>\n<p><iframe title=\"digiTour PRO &amp; FUN Paris January 2023 - #digiRocks\" width=\"980\" height=\"735\" src=\"https:\/\/www.youtube.com\/embed\/qMVtvtVfN-U?feature=oembed\" frameborder=\"0\" allow=\"accelerometer; autoplay; clipboard-write; encrypted-media; gyroscope; picture-in-picture; web-share\" allowfullscreen><\/iframe><\/p>\n<h3>Finally, we offer small-group sessions in workshop\/showroom mode or simply coworking.<\/h3>\n<p>Our team is made up of experts in business development, project management, marketing, digital transformation, acquisition, coaching, IT and much more. Each member of our team brings unique expertise and a passion for helping companies succeed.<\/p>\n<h2>We pride ourselves on our innovative, collaborative approach to helping companies achieve their goals.<\/h2>\n<p>At DigiRocks, we believe that every business is unique, and that each solution must be customized to meet its specific needs. We work closely with our customers to understand their challenges and objectives, and offer tailor-made solutions to help them succeed.<\/p>","protected":false},"excerpt":{"rendered":"<p>La m\u00e9thode de travail digiRocks Chez DigiRocks, nous avons une organisation 100% en t\u00e9l\u00e9travail Cette organisation nous permet de travailler efficacement gr\u00e2ce \u00e0 nos rituels de travail. Nous avons des r\u00e9unions de lancement de semaine chaque lundi \u00e0 10h pour [&hellip;]<\/p>\n","protected":false},"author":30,"featured_media":0,"parent":734,"menu_order":0,"comment_status":"closed","ping_status":"closed","template":"","meta":{"_acf_changed":false,"footnotes":""},"class_list":["post-28240","page","type-page","status-publish","hentry"],"acf":[],"_links":{"self":[{"href":"https:\/\/www.digirocks.fr\/en\/wp-json\/wp\/v2\/pages\/28240","targetHints":{"allow":["GET"]}}],"collection":[{"href":"https:\/\/www.digirocks.fr\/en\/wp-json\/wp\/v2\/pages"}],"about":[{"href":"https:\/\/www.digirocks.fr\/en\/wp-json\/wp\/v2\/types\/page"}],"author":[{"embeddable":true,"href":"https:\/\/www.digirocks.fr\/en\/wp-json\/wp\/v2\/users\/30"}],"replies":[{"embeddable":true,"href":"https:\/\/www.digirocks.fr\/en\/wp-json\/wp\/v2\/comments?post=28240"}],"version-history":[{"count":1,"href":"https:\/\/www.digirocks.fr\/en\/wp-json\/wp\/v2\/pages\/28240\/revisions"}],"predecessor-version":[{"id":28242,"href":"https:\/\/www.digirocks.fr\/en\/wp-json\/wp\/v2\/pages\/28240\/revisions\/28242"}],"up":[{"embeddable":true,"href":"https:\/\/www.digirocks.fr\/en\/wp-json\/wp\/v2\/pages\/734"}],"wp:attachment":[{"href":"https:\/\/www.digirocks.fr\/en\/wp-json\/wp\/v2\/media?parent=28240"}],"curies":[{"name":"wp","href":"https:\/\/api.w.org\/{rel}","templated":true}]}}