{"id":56205,"date":"2025-05-13T16:30:53","date_gmt":"2025-05-13T16:30:53","guid":{"rendered":"https:\/\/www.digirocks.fr\/?page_id=56205"},"modified":"2025-05-13T16:30:53","modified_gmt":"2025-05-13T16:30:53","slug":"telecharger-guide-digirocks","status":"publish","type":"page","link":"https:\/\/www.digirocks.fr\/en\/a-propos\/telecharger-guide-digirocks\/","title":{"rendered":"Centre de t\u00e9l\u00e9chargement digiRocks &#8211; T\u00e9l\u00e9charger Guide, Livre Blanc, Documentation"},"content":{"rendered":"<h1>Livres blancs, Guides et Documentation digiRocks \u00e0 t\u00e9l\u00e9charger<\/h1>\n<h2>&#x1f449;Pour manager\/RH qui recrute<\/h2>\n<p>&nbsp;<\/p>\n<h2>&#x1f449;Pour #Talent et Candidats<\/h2>\n<p>Nous faisons chaque jour de digiRocks, LA solution pour vos besoins en recrutement digital et de l&#8217;IT.<\/p>\n<h3>&#x231a;Hack time<\/h3>\n<p>La cadence dans le recrutement c\u2019est la cl\u00e9, non ? Rien de pire qu\u2019un recrutement qui s\u2019\u00e9ternise sur de longues semaines tant c\u00f4t\u00e9 candidat que recruteur !<br \/>\nChez digiRocks, nous nous engageons \u00e0 recruter VITE ET BIEN ! Quelques exemples ? <strong><a href=\"https:\/\/www.digirocks.fr\/en\/resources\/success-stories\/\">ICI &#8211; Succ\u00e8s de recrutement<\/a><\/strong><br \/>\nCot\u00e9 candidat : une r\u00e9ponse \u00e0 votre candidature dans les 24 heures !<\/p>\n<p><span style=\"font-weight: 400;\">Cot\u00e9 recruteur : pr\u00e9sentation de 2 (vrais) Talents en 15 jours pour un objectif de recrutement en 30 jours !<\/span><\/p>\n<h3>&#x1f680;Hack space<\/h3>\n<p><span style=\"font-weight: 400;\">Chez digiRocks nous sommes partout et nul part en m\u00eame temps ! Un super-pouvoir ? Non. Juste une entreprise 100% \u00e0 distance !<\/span><\/p>\n<p><span style=\"font-weight: 400;\">Ce qui signifie que nous travaillons dans toutes les villes de France, voire plus loin.\u00a0<\/span><\/p>\n<p><span style=\"font-weight: 400;\">Pratique pour les candidats qui cherchent une mobilit\u00e9 g\u00e9ographique.<\/span><\/p>\n<p><span style=\"font-weight: 400;\">Id\u00e9al pour les entreprises qui veulent rencontrer des Talents de tous horizons !<\/span><\/p>\n<h3>&#x263a;&#xfe0f;Make Talents, Clients et Rockers happy<\/h3>\n<p><span style=\"font-weight: 400;\">C\u2019est plut\u00f4t \u00e9vident la, non ? Besoin de pr\u00e9cision ?<\/span><\/p>\n<h3><b>Chez DigiRocks, nous sommes l\u00e0 pour vous aider \u00e0 trouver les meilleurs talents pour votre entreprise.<\/b><\/h3>\n<p>Et pour faire \u00e7a, la seule solution est :<\/p>\n<ul>\n<li>D\u2019avoir des Talents heureux en leur trouvant un travail rapidement qui correspond \u00e0 leur envie \u00e0 un instant donn\u00e9<\/li>\n<li>D\u2019avoir des Clients heureux en les matchant avec des Talents auxquels ils n\u2019auraient pas eu acc\u00e8s seuls<\/li>\n<li>D\u2019avoir des Rockers (c\u2019est nous !) heureux, car quoi de plus satisfaisant pour un recruteur que d\u2019aider 2 personnes \u00e0 se rencontrer professionnellement ?<\/li>\n<\/ul>\n<h3><b>Contactez-nous d\u00e8s aujourd\u2019hui pour en savoir plus sur nos services de recrutement !<\/b><\/h3>","protected":false},"excerpt":{"rendered":"<p>Livres blancs, Guides et Documentation digiRocks \u00e0 t\u00e9l\u00e9charger &#x1f449;Pour manager\/RH qui recrute &nbsp; &#x1f449;Pour #Talent et Candidats Nous faisons chaque jour de digiRocks, LA solution pour vos besoins en recrutement digital et de l&#8217;IT. &#x231a;Hack time La cadence dans le [&hellip;]<\/p>\n","protected":false},"author":30,"featured_media":0,"parent":734,"menu_order":0,"comment_status":"closed","ping_status":"closed","template":"","meta":{"_acf_changed":false,"footnotes":""},"class_list":["post-56205","page","type-page","status-publish","hentry"],"acf":[],"_links":{"self":[{"href":"https:\/\/www.digirocks.fr\/en\/wp-json\/wp\/v2\/pages\/56205","targetHints":{"allow":["GET"]}}],"collection":[{"href":"https:\/\/www.digirocks.fr\/en\/wp-json\/wp\/v2\/pages"}],"about":[{"href":"https:\/\/www.digirocks.fr\/en\/wp-json\/wp\/v2\/types\/page"}],"author":[{"embeddable":true,"href":"https:\/\/www.digirocks.fr\/en\/wp-json\/wp\/v2\/users\/30"}],"replies":[{"embeddable":true,"href":"https:\/\/www.digirocks.fr\/en\/wp-json\/wp\/v2\/comments?post=56205"}],"version-history":[{"count":1,"href":"https:\/\/www.digirocks.fr\/en\/wp-json\/wp\/v2\/pages\/56205\/revisions"}],"predecessor-version":[{"id":56272,"href":"https:\/\/www.digirocks.fr\/en\/wp-json\/wp\/v2\/pages\/56205\/revisions\/56272"}],"up":[{"embeddable":true,"href":"https:\/\/www.digirocks.fr\/en\/wp-json\/wp\/v2\/pages\/734"}],"wp:attachment":[{"href":"https:\/\/www.digirocks.fr\/en\/wp-json\/wp\/v2\/media?parent=56205"}],"curies":[{"name":"wp","href":"https:\/\/api.w.org\/{rel}","templated":true}]}}