{"id":6601,"date":"2023-04-14T06:57:18","date_gmt":"2023-04-14T06:57:18","guid":{"rendered":"https:\/\/www.digirocks.fr\/?page_id=6601"},"modified":"2024-11-19T09:21:31","modified_gmt":"2024-11-19T09:21:31","slug":"welcome-to-digirocks","status":"publish","type":"page","link":"https:\/\/www.digirocks.fr\/en\/a-propos\/welcome-to-digirocks\/","title":{"rendered":"Welcome to digirocks"},"content":{"rendered":"<div data-elementor-type=\"wp-page\" data-elementor-id=\"6601\" class=\"elementor elementor-6601\" data-elementor-post-type=\"page\">\n\t\t\t\t\t\t<section class=\"elementor-section elementor-top-section elementor-element elementor-element-68f6c426 elementor-section-boxed elementor-section-height-default elementor-section-height-default\" data-id=\"68f6c426\" data-element_type=\"section\" data-e-type=\"section\">\n\t\t\t\t\t\t<div class=\"elementor-container elementor-column-gap-default\">\n\t\t\t\t\t<div class=\"elementor-column elementor-col-100 elementor-top-column elementor-element elementor-element-29549ef6\" data-id=\"29549ef6\" data-element_type=\"column\" data-e-type=\"column\">\n\t\t\t<div class=\"elementor-widget-wrap elementor-element-populated\">\n\t\t\t\t\t\t<div class=\"elementor-element elementor-element-b0c88f6 elementor-widget elementor-widget-video\" data-id=\"b0c88f6\" data-element_type=\"widget\" data-e-type=\"widget\" data-settings=\"{&quot;video_type&quot;:&quot;hosted&quot;,&quot;autoplay&quot;:&quot;yes&quot;,&quot;loop&quot;:&quot;yes&quot;,&quot;controls&quot;:&quot;yes&quot;}\" data-widget_type=\"video.default\">\n\t\t\t\t<div class=\"elementor-widget-container\">\n\t\t\t\t\t\t\t<div class=\"e-hosted-video elementor-wrapper elementor-open-inline\">\n\t\t\t\t\t<video class=\"elementor-video\" src=\"https:\/\/www.digirocks.fr\/wp-content\/uploads\/2024\/11\/JMLECO-DIGIROCKS_02-1.mp4\" autoplay=\"\" loop=\"\" controls=\"\" controlslist=\"nodownload\"><\/video>\n\t\t\t\t<\/div>\n\t\t\t\t\t\t<\/div>\n\t\t\t\t<\/div>\n\t\t\t\t<div class=\"elementor-element elementor-element-280b8781 elementor-widget elementor-widget-text-editor\" data-id=\"280b8781\" data-element_type=\"widget\" data-e-type=\"widget\" data-widget_type=\"text-editor.default\">\n\t\t\t\t<div class=\"elementor-widget-container\">\n\t\t\t\t\t\t\t\t\t<h1>Expert in digital and IT professions<\/h1>\n<h2>Managers and HR<\/h2>\n<p>Recruter autrement c&#8217;est s&#8217;appuyer sur notre <b>unique recipe based on PITCH<\/b>. For companies, this means you'll have an attractive and visible job offer (250k contacts on LinkedIn in particular + job offer published in the main job boards). <br>In short, we're reinventing recruitment by putting candidates at the center!&nbsp;&nbsp;<\/p>\n<p>Recruter autrement c&#8217;est s&#8217;appuyer sur notre <b>Data Talent exclusive<\/b> We know them better than their mothers: internally, we often say we know them better than their mothers. We know how much they want to earn, where they want to work, we validate their main skills. <br>Bref les Talents digiRocks ce n&#8217;est pas juste un buzz word !&nbsp;<\/p>\n<p>Recruter autrement c&#8217;est aussi faire comme tous les cabinets de recrutement : s&#8217;occupper de tout de A \u00e0 Z (sourcing, short list de Talents, caler les entretiens, debriefer rapidement, contr\u00f4le de r\u00e9f\u00e9rence, n\u00e9gociation salariale, suivi de l&#8217;onboarding&#8230;). <br>Bref, vous recrutez vite et bien et ne payez qu&#8217;\u00e0 la fin !&nbsp;<\/p>\n<h3>You will find&nbsp;<a href=\"http:\/\/matching.digirocks.fr\/\" target=\"_blank\" rel=\"noopener\">8500+ #Talents here<\/a>&nbsp;!<\/h3>\n<h2>Candidates, #Talents<\/h2>\n<p>Nous avons lanc\u00e9 digiRocks en 2017 pour vous. A vrai dire on pense que c&#8217;est une honte de ne pas vous r\u00e9pondre. On pense que c&#8217;est bien de connaitre les m\u00e9tiers. On pense qu&#8217;il faut cadencer le recrutement. Et s&#8217;occuper de vous dans la dur\u00e9e.&nbsp;<\/p>\n<p>Attention on n&#8217;y arrive pas toujours, notre m\u00e9tier est un m\u00e9tier de flux et parfois on rate des choses. C&#8217;est aussi pour cela que les cabinets de recrutement ont mauvaise r\u00e9putation.&nbsp;<\/p>\n<p>However, at digiRocks, job offers are normally clear and salaries are posted and you have a Rocker and a&nbsp;<span style=\"color: var( --e-global-color-text ); font-family: var( --e-global-typography-text-font-family ), Sans-serif; font-size: var( --e-global-typography-text-font-size ); font-weight: var( --e-global-typography-text-font-weight );\">Talent center&nbsp;<\/span><span style=\"color: var( --e-global-color-text ); font-family: var( --e-global-typography-text-font-family ), Sans-serif; font-size: var( --e-global-typography-text-font-size ); font-weight: var( --e-global-typography-text-font-weight );\">dedicated.<\/span><\/p>\n<p>We want you to find your #jobenor (with or without us).&nbsp;<\/p>\n<h3>You will find <strong><a href=\"https:\/\/www.digirocks.fr\/en\/job-offers\/\">all our job offers here<\/a> <\/strong>!<\/h3>\n<h2>Recruitment is a conversation!<\/h2>\n<p>We are proud of our community of over <a href=\"https:\/\/www.digirocks.fr\/en\/nos-talents\/\">8500 talents<\/a> digiRocks certified. We've received over 60,000 applications since 2017, and we're able to present you with candidates who match your expectations in terms of hard and soft skills. We know who's available when, and we have all the information we need to identify who will suit your search.<\/p>\n<h2>We put human relations first<\/h2>\n<p>M\u00eame si nous travaillons \u00e0 distance, aux 4 coins de l&#8217;hexagone&nbsp;<\/p>\n<p>Every 3 months, we get together for our digiTours, discovering new ecosystems and regions, and keeping our carbon footprint to a minimum!<\/p>\t\t\t\t\t\t\t\t<\/div>\n\t\t\t\t<\/div>\n\t\t\t\t\t<\/div>\n\t\t<\/div>\n\t\t\t\t\t<\/div>\n\t\t<\/section>\n\t\t\t\t<\/div>","protected":false},"excerpt":{"rendered":"<p>https:\/\/www.digirocks.fr\/wp-content\/uploads\/2024\/11\/JMLECO-DIGIROCKS_02-1.mp4 Expert des m\u00e9tiers du digital et IT Managers et RH Recruter autrement c&#8217;est s&#8217;appuyer sur notre recette unique bas\u00e9e sur le PITCH. C\u00f4t\u00e9 entreprises cela vous permet d&#8217;avoir une offre d&#8217;emploi attractive et visible (250k contact sur LinkedIn notamment [&hellip;]<\/p>\n","protected":false},"author":30,"featured_media":0,"parent":734,"menu_order":0,"comment_status":"closed","ping_status":"closed","template":"","meta":{"_acf_changed":false,"footnotes":""},"class_list":["post-6601","page","type-page","status-publish","hentry"],"acf":[],"_links":{"self":[{"href":"https:\/\/www.digirocks.fr\/en\/wp-json\/wp\/v2\/pages\/6601","targetHints":{"allow":["GET"]}}],"collection":[{"href":"https:\/\/www.digirocks.fr\/en\/wp-json\/wp\/v2\/pages"}],"about":[{"href":"https:\/\/www.digirocks.fr\/en\/wp-json\/wp\/v2\/types\/page"}],"author":[{"embeddable":true,"href":"https:\/\/www.digirocks.fr\/en\/wp-json\/wp\/v2\/users\/30"}],"replies":[{"embeddable":true,"href":"https:\/\/www.digirocks.fr\/en\/wp-json\/wp\/v2\/comments?post=6601"}],"version-history":[{"count":17,"href":"https:\/\/www.digirocks.fr\/en\/wp-json\/wp\/v2\/pages\/6601\/revisions"}],"predecessor-version":[{"id":58523,"href":"https:\/\/www.digirocks.fr\/en\/wp-json\/wp\/v2\/pages\/6601\/revisions\/58523"}],"up":[{"embeddable":true,"href":"https:\/\/www.digirocks.fr\/en\/wp-json\/wp\/v2\/pages\/734"}],"wp:attachment":[{"href":"https:\/\/www.digirocks.fr\/en\/wp-json\/wp\/v2\/media?parent=6601"}],"curies":[{"name":"wp","href":"https:\/\/api.w.org\/{rel}","templated":true}]}}