{"id":775,"date":"2023-03-14T11:13:47","date_gmt":"2023-03-14T11:13:47","guid":{"rendered":"https:\/\/www.digirocks.fr\/?page_id=775"},"modified":"2023-05-02T16:00:06","modified_gmt":"2023-05-02T16:00:06","slug":"lexique","status":"publish","type":"page","link":"https:\/\/www.digirocks.fr\/en\/lexique\/","title":{"rendered":"Lexique"},"content":{"rendered":"<h1>Lexique<\/h1>\n<p><b><ul class=\"glossary-terms-list\"><li><a href=\"https:\/\/www.digirocks.fr\/en\/lexique\/accessibilite\/\">Accessibilit\u00e9<\/a><\/li><li><a href=\"https:\/\/www.digirocks.fr\/en\/lexique\/acquisition-de-trafic\/\">Acquisition de trafic<\/a><\/li><li><a href=\"https:\/\/www.digirocks.fr\/en\/lexique\/agile\/\">Agile<\/a><\/li><li><a href=\"https:\/\/www.digirocks.fr\/en\/lexique\/algorithmes\/\">Algorithmes<\/a><\/li><li><a href=\"https:\/\/www.digirocks.fr\/en\/lexique\/analyse-de-donnees\/\">Analyse de donn\u00e9es<\/a><\/li><li><a href=\"https:\/\/www.digirocks.fr\/en\/lexique\/analytics\/\">Analytics<\/a><\/li><li><a href=\"https:\/\/www.digirocks.fr\/en\/lexique\/annonce-demploi\/\">Annonce d&#8217;emploi<\/a><\/li><li><a href=\"https:\/\/www.digirocks.fr\/en\/lexique\/assessment-center\/\">Assessment center<\/a><\/li><li><a href=\"https:\/\/www.digirocks.fr\/en\/lexique\/ats-applicant-tracking-system\/\">ATS (Applicant Tracking System)<\/a><\/li><li><a href=\"https:\/\/www.digirocks.fr\/en\/lexique\/avantages-sociaux\/\">Avantages sociaux<\/a><\/li><li><a href=\"https:\/\/www.digirocks.fr\/en\/lexique\/aws-amazon-web-services-certified-solutions-architect\/\">AWS Amazon Web Services Certified Solutions Architect<\/a><\/li><li><a href=\"https:\/\/www.digirocks.fr\/en\/lexique\/blockchain\/\">Blockchain<\/a><\/li><li><a href=\"https:\/\/www.digirocks.fr\/en\/lexique\/blogging\/\">Blogging<\/a><\/li><li><a href=\"https:\/\/www.digirocks.fr\/en\/lexique\/brand-management\/\">Brand management<\/a><\/li><li><a href=\"https:\/\/www.digirocks.fr\/en\/lexique\/carte-de-competences\/\">Carte de comp\u00e9tences<\/a><\/li><li><a href=\"https:\/\/www.digirocks.fr\/en\/lexique\/ccna\/\">CCNA<\/a><\/li><li><a href=\"https:\/\/www.digirocks.fr\/en\/lexique\/ceh\/\">CEH<\/a><\/li><li><a href=\"https:\/\/www.digirocks.fr\/en\/lexique\/certified-agile-coach\/\">Certified Agile Coach<\/a><\/li><li><a href=\"https:\/\/www.digirocks.fr\/en\/lexique\/certified-business-analysis-professional-cbap\/\">Certified Business Analysis Professional (CBAP)<\/a><\/li><li><a href=\"https:\/\/www.digirocks.fr\/en\/lexique\/certified-data-professional\/\">Certified Data Professional<\/a><\/li><li><a href=\"https:\/\/www.digirocks.fr\/en\/lexique\/certified-data-scientist\/\">Certified Data Scientist<\/a><\/li><li><a href=\"https:\/\/www.digirocks.fr\/en\/lexique\/certified-devops-engineer\/\">Certified DevOps Engineer<\/a><\/li><li><a href=\"https:\/\/www.digirocks.fr\/en\/lexique\/certified-digital-marketing-professional\/\">Certified Digital Marketing Professional<\/a><\/li><li><a href=\"https:\/\/www.digirocks.fr\/en\/lexique\/certified-digital-transformation-professional\/\">Certified Digital Transformation Professional<\/a><\/li><li><a href=\"https:\/\/www.digirocks.fr\/en\/lexique\/certified-information-systems-auditor-cisa\/\">Certified Information Systems Auditor (CISA) :<\/a><\/li><li><a href=\"https:\/\/www.digirocks.fr\/en\/lexique\/certified-scrummaster-csm\/\">Certified ScrumMaster (CSM)<\/a><\/li><li><a href=\"https:\/\/www.digirocks.fr\/en\/lexique\/certified-web-analyst\/\">Certified Web Analyst<\/a><\/li><li><a href=\"https:\/\/www.digirocks.fr\/en\/lexique\/cism\/\">CISM<\/a><\/li><li><a href=\"https:\/\/www.digirocks.fr\/en\/lexique\/cissp\/\">CISSP<\/a><\/li><li><a href=\"https:\/\/www.digirocks.fr\/en\/lexique\/ciw\/\">CIW<\/a><\/li><li><a href=\"https:\/\/www.digirocks.fr\/en\/lexique\/clause-de-confidentialite\/\">Clause de confidentialit\u00e9<\/a><\/li><li><a href=\"https:\/\/www.digirocks.fr\/en\/lexique\/clause-de-non-concurrence\/\">Clause de non-concurrence<\/a><\/li><li><a href=\"https:\/\/www.digirocks.fr\/en\/lexique\/cms-systeme-de-gestion-de-contenu\/\">CMS (Syst\u00e8me de gestion de contenu)<\/a><\/li><li><a href=\"https:\/\/www.digirocks.fr\/en\/lexique\/cms-systeme-de-gestion-de-contenu-2\/\">CMS \/ Syst\u00e8me de gestion de contenu<\/a><\/li><li><a href=\"https:\/\/www.digirocks.fr\/en\/lexique\/communication-interne\/\">Communication interne<\/a><\/li><li><a href=\"https:\/\/www.digirocks.fr\/en\/lexique\/community-management\/\">Community management<\/a><\/li><li><a href=\"https:\/\/www.digirocks.fr\/en\/lexique\/comptia-a\/\">CompTIA A+<\/a><\/li><li><a href=\"https:\/\/www.digirocks.fr\/en\/lexique\/conge-annuel\/\">Cong\u00e9 annuel<\/a><\/li><li><a href=\"https:\/\/www.digirocks.fr\/en\/lexique\/conge-maladie\/\">Cong\u00e9 maladie<\/a><\/li><li><a href=\"https:\/\/www.digirocks.fr\/en\/lexique\/content-marketing\/\">Content Marketing<\/a><\/li><li><a href=\"https:\/\/www.digirocks.fr\/en\/lexique\/contrat-a-duree-determinee\/\">Contrat \u00e0 dur\u00e9e d\u00e9termin\u00e9e<\/a><\/li><li><a href=\"https:\/\/www.digirocks.fr\/en\/lexique\/contrat-a-duree-indeterminee\/\">Contrat \u00e0 dur\u00e9e ind\u00e9termin\u00e9e<\/a><\/li><li><a href=\"https:\/\/www.digirocks.fr\/en\/lexique\/contrat-de-prestation-de-services\/\">Contrat de prestation de services<\/a><\/li><li><a href=\"https:\/\/www.digirocks.fr\/en\/lexique\/contrat-de-travail\/\">Contrat de travail<\/a><\/li><li><a href=\"https:\/\/www.digirocks.fr\/en\/lexique\/conversion\/\">Conversion<\/a><\/li><li><a href=\"https:\/\/www.digirocks.fr\/en\/lexique\/copywriting\/\">Copywriting<\/a><\/li><li><a href=\"https:\/\/www.digirocks.fr\/en\/lexique\/cpa\/\">CPA<\/a><\/li><li><a href=\"https:\/\/www.digirocks.fr\/en\/lexique\/crm-gestion-de-la-relation-client\/\">CRM (Gestion de la relation client)<\/a><\/li><li><a href=\"https:\/\/www.digirocks.fr\/en\/lexique\/cscp\/\">CSCP<\/a><\/li><li><a href=\"https:\/\/www.digirocks.fr\/en\/lexique\/csslp\/\">CSSLP<\/a><\/li><li><a href=\"https:\/\/www.digirocks.fr\/en\/lexique\/culture-dentreprise\/\">Culture d&#8217;entreprise<\/a><\/li><li><a href=\"https:\/\/www.digirocks.fr\/en\/lexique\/culture-de-lapprentissage\/\">Culture de l&#8217;apprentissage<\/a><\/li><li><a href=\"https:\/\/www.digirocks.fr\/en\/lexique\/cv-curriculum-vitae\/\">CV (Curriculum Vitae)<\/a><\/li><li><a href=\"https:\/\/www.digirocks.fr\/en\/lexique\/cvtheque\/\">CVth\u00e8que<\/a><\/li><li><a href=\"https:\/\/www.digirocks.fr\/en\/lexique\/cybersecurite\/\">Cybers\u00e9curit\u00e9<\/a><\/li><li><a href=\"https:\/\/www.digirocks.fr\/en\/lexique\/data-analyst\/\">Data analyst<\/a><\/li><li><a href=\"https:\/\/www.digirocks.fr\/en\/lexique\/design-graphique\/\">Design graphique<\/a><\/li><li><a href=\"https:\/\/www.digirocks.fr\/en\/lexique\/developpement-de-leadership\/\">D\u00e9veloppement de leadership<\/a><\/li><li><a href=\"https:\/\/www.digirocks.fr\/en\/lexique\/developpement-des-competences\/\">D\u00e9veloppement des comp\u00e9tences<\/a><\/li><li><a href=\"https:\/\/www.digirocks.fr\/en\/lexique\/developpement-web\/\">D\u00e9veloppement web<\/a><\/li><li><a href=\"https:\/\/www.digirocks.fr\/en\/lexique\/digital-branding\/\">Digital branding<\/a><\/li><li><a href=\"https:\/\/www.digirocks.fr\/en\/lexique\/discrimination\/\">Discrimination<\/a><\/li><li><a href=\"https:\/\/www.digirocks.fr\/en\/lexique\/diversite-et-inclusion\/\">Diversit\u00e9 et inclusion<\/a><\/li><li><a href=\"https:\/\/www.digirocks.fr\/en\/lexique\/droit-du-travail\/\">Droit du travail<\/a><\/li><li><a href=\"https:\/\/www.digirocks.fr\/en\/lexique\/e-commerce\/\">E-commerce<\/a><\/li><li><a href=\"https:\/\/www.digirocks.fr\/en\/lexique\/e-commerce-commerce-electronique\/\">E-commerce (Commerce \u00e9lectronique)<\/a><\/li><li><a href=\"https:\/\/www.digirocks.fr\/en\/lexique\/email-marketing\/\">Email marketing<\/a><\/li><li><a href=\"https:\/\/www.digirocks.fr\/en\/lexique\/embauche\/\">Embauche<\/a><\/li><li><a href=\"https:\/\/www.digirocks.fr\/en\/lexique\/enquete-de-satisfaction-des-employes\/\">Enqu\u00eate de satisfaction des employ\u00e9s<\/a><\/li><li><a href=\"https:\/\/www.digirocks.fr\/en\/lexique\/entretien-dembauche\/\">Entretien d&#8217;embauche<\/a><\/li><li><a href=\"https:\/\/www.digirocks.fr\/en\/lexique\/entretien-de-groupe\/\">Entretien de groupe<\/a><\/li><li><a href=\"https:\/\/www.digirocks.fr\/en\/lexique\/environnement-de-travail\/\">Environnement de travail<\/a><\/li><li><a href=\"https:\/\/www.digirocks.fr\/en\/lexique\/equilibre-travail-vie-personnelle\/\">\u00c9quilibre travail-vie personnelle<\/a><\/li><li><a href=\"https:\/\/www.digirocks.fr\/en\/lexique\/equipe-virtuelle\/\">\u00c9quipe virtuelle<\/a><\/li><li><a href=\"https:\/\/www.digirocks.fr\/en\/lexique\/equite-salariale\/\">\u00c9quit\u00e9 salariale<\/a><\/li><li><a href=\"https:\/\/www.digirocks.fr\/en\/lexique\/ergonomie\/\">Ergonomie<\/a><\/li><li><a href=\"https:\/\/www.digirocks.fr\/en\/lexique\/etude-de-marche-des-salaires\/\">\u00c9tude de march\u00e9 des salaires<\/a><\/li><li><a href=\"https:\/\/www.digirocks.fr\/en\/lexique\/evaluation-a-180-degres\/\">\u00c9valuation \u00e0 180 degr\u00e9s<\/a><\/li><li><a href=\"https:\/\/www.digirocks.fr\/en\/lexique\/evaluation-a-360-degres\/\">\u00c9valuation \u00e0 360 degr\u00e9s<\/a><\/li><li><a href=\"https:\/\/www.digirocks.fr\/en\/lexique\/evaluation-de-lexperience-client\/\">\u00c9valuation de l&#8217;exp\u00e9rience client<\/a><\/li><li><a href=\"https:\/\/www.digirocks.fr\/en\/lexique\/evaluation-de-lexperience-utilisateur\/\">\u00c9valuation de l&#8217;exp\u00e9rience utilisateur<\/a><\/li><li><a href=\"https:\/\/www.digirocks.fr\/en\/lexique\/evaluation-de-performance\/\">\u00c9valuation de performance<\/a><\/li><li><a href=\"https:\/\/www.digirocks.fr\/en\/lexique\/evaluation-de-performance-a-360-degres\/\">\u00c9valuation de performance \u00e0 360 degr\u00e9s<\/a><\/li><li><a href=\"https:\/\/www.digirocks.fr\/en\/lexique\/evaluation-des-competences\/\">\u00c9valuation des comp\u00e9tences<\/a><\/li><li><a href=\"https:\/\/www.digirocks.fr\/en\/lexique\/evaluation-des-competences-comportementales\/\">\u00c9valuation des comp\u00e9tences comportementales<\/a><\/li><li><a href=\"https:\/\/www.digirocks.fr\/en\/lexique\/evaluation-des-competences-techniques\/\">\u00c9valuation des comp\u00e9tences techniques<\/a><\/li><li><a href=\"https:\/\/www.digirocks.fr\/en\/lexique\/evaluation-du-rendement\/\">\u00c9valuation du rendement<\/a><\/li><li><a href=\"https:\/\/www.digirocks.fr\/en\/lexique\/evaluation-par-les-pairs\/\">\u00c9valuation par les pairs<\/a><\/li><li><a href=\"https:\/\/www.digirocks.fr\/en\/lexique\/evaluation-psychometrique\/\">\u00c9valuation psychom\u00e9trique<\/a><\/li><li><a href=\"https:\/\/www.digirocks.fr\/en\/lexique\/facebook-blueprint\/\">Facebook Blueprint<\/a><\/li><li><a href=\"https:\/\/www.digirocks.fr\/en\/lexique\/formation-continue\/\">Formation continue<\/a><\/li><li><a href=\"https:\/\/www.digirocks.fr\/en\/lexique\/formation-en-ligne\/\">Formation en ligne<\/a><\/li><li><a href=\"https:\/\/www.digirocks.fr\/en\/lexique\/formation-professionnelle\/\">Formation professionnelle<\/a><\/li><li><a href=\"https:\/\/www.digirocks.fr\/en\/lexique\/freelance\/\">Freelance<\/a><\/li><li><a href=\"https:\/\/www.digirocks.fr\/en\/lexique\/gaiq\/\">GAIQ<\/a><\/li><li><a href=\"https:\/\/www.digirocks.fr\/en\/lexique\/gestion-de-conflit\/\">Gestion de conflit<\/a><\/li><li><a href=\"https:\/\/www.digirocks.fr\/en\/lexique\/gestion-de-projet\/\">Project management<\/a><\/li><li><a href=\"https:\/\/www.digirocks.fr\/en\/lexique\/gestion-des-performances\/\">Gestion des performances<\/a><\/li><li><a href=\"https:\/\/www.digirocks.fr\/en\/lexique\/gestion-des-talents\/\">Gestion des talents<\/a><\/li><li><a href=\"https:\/\/www.digirocks.fr\/en\/lexique\/gestion-du-temps\/\">Gestion du temps<\/a><\/li><\/ul><\/b><\/p>","protected":false},"excerpt":{"rendered":"<p>Lexique<\/p>","protected":false},"author":20,"featured_media":0,"parent":0,"menu_order":0,"comment_status":"closed","ping_status":"closed","template":"","meta":{"_acf_changed":false,"footnotes":""},"class_list":["post-775","page","type-page","status-publish","hentry"],"acf":[],"_links":{"self":[{"href":"https:\/\/www.digirocks.fr\/en\/wp-json\/wp\/v2\/pages\/775","targetHints":{"allow":["GET"]}}],"collection":[{"href":"https:\/\/www.digirocks.fr\/en\/wp-json\/wp\/v2\/pages"}],"about":[{"href":"https:\/\/www.digirocks.fr\/en\/wp-json\/wp\/v2\/types\/page"}],"author":[{"embeddable":true,"href":"https:\/\/www.digirocks.fr\/en\/wp-json\/wp\/v2\/users\/20"}],"replies":[{"embeddable":true,"href":"https:\/\/www.digirocks.fr\/en\/wp-json\/wp\/v2\/comments?post=775"}],"version-history":[{"count":3,"href":"https:\/\/www.digirocks.fr\/en\/wp-json\/wp\/v2\/pages\/775\/revisions"}],"predecessor-version":[{"id":28860,"href":"https:\/\/www.digirocks.fr\/en\/wp-json\/wp\/v2\/pages\/775\/revisions\/28860"}],"wp:attachment":[{"href":"https:\/\/www.digirocks.fr\/en\/wp-json\/wp\/v2\/media?parent=775"}],"curies":[{"name":"wp","href":"https:\/\/api.w.org\/{rel}","templated":true}]}}