{"id":789,"date":"2023-03-14T12:49:57","date_gmt":"2023-03-14T12:49:57","guid":{"rendered":"https:\/\/www.digirocks.fr\/?page_id=789"},"modified":"2023-05-24T12:51:36","modified_gmt":"2023-05-24T12:51:36","slug":"metiers-data","status":"publish","type":"page","link":"https:\/\/www.digirocks.fr\/en\/digital-professions\/metiers-data\/","title":{"rendered":"Data professions"},"content":{"rendered":"<h1 class=\"wp-block-heading\">M\u00e9tiers de la Data<\/h1>\r\n<h2>Voici la liste des m\u00e9tiers de la Data\/Donn\u00e9es pour lesquels digiRocks recrute :<\/h2>\r\n<ul>\r\n<li class=\"wp-block-heading\"><a style=\"font-size: 20px; background-color: #ffffff;\" href=\"\/en\/trades\/data-analyst-2\/\">Data Analyst<\/a><\/li>\r\n<li class=\"wp-block-heading\"><a style=\"font-size: 20px; background-color: #ffffff;\" href=\"\/en\/trades\/web-analyst-2\/\">Web Analyst<\/a><\/li>\r\n<li class=\"wp-block-heading\"><a style=\"font-size: 20px; background-color: #ffffff;\" href=\"\/en\/trades\/chief-data-officer\/\">Chief Data Officer<\/a><\/li>\r\n<li class=\"wp-block-heading\"><a style=\"font-size: 20px; background-color: #ffffff;\" href=\"\/en\/trades\/data-scientist\/\">Data Scientist<\/a><\/li>\r\n<li class=\"wp-block-heading\"><a style=\"font-size: 20px; background-color: #ffffff;\" href=\"\/en\/trades\/data-protection-officer\/\">Data Protection Officer<\/a><\/li>\r\n<\/ul>\r\n\r\n\r\n\r\n<h2><img fetchpriority=\"high\" decoding=\"async\" class=\"alignleft size-medium wp-image-8456\" src=\"https:\/\/www.digirocks.fr\/wp-content\/uploads\/2023\/04\/22-300x300.jpg\" alt=\"data analyst\" width=\"300\" height=\"300\" title=\"\" srcset=\"https:\/\/www.digirocks.fr\/wp-content\/uploads\/2023\/04\/22-300x300.jpg 300w, https:\/\/www.digirocks.fr\/wp-content\/uploads\/2023\/04\/22-1024x1024.jpg 1024w, https:\/\/www.digirocks.fr\/wp-content\/uploads\/2023\/04\/22-150x150.jpg 150w, https:\/\/www.digirocks.fr\/wp-content\/uploads\/2023\/04\/22-768x768.jpg 768w, https:\/\/www.digirocks.fr\/wp-content\/uploads\/2023\/04\/22.jpg 1200w\" sizes=\"(max-width: 300px) 100vw, 300px\">La data est devenue un domaine d&#8217;activit\u00e9 en pleine expansion. Les entreprises utilisent de plus en plus la donn\u00e9e pour prendre des d\u00e9cisions strat\u00e9giques.<\/h2>\r\n<p>Les professionnels de la data ont donc un r\u00f4le crucial \u00e0 jouer pour aider les entreprises \u00e0 prendre des d\u00e9cisions \u00e9clair\u00e9es. Les m\u00e9tiers de la data regroupent une grande vari\u00e9t\u00e9 de sp\u00e9cialit\u00e9s, chacune ayant ses propres comp\u00e9tences et responsabilit\u00e9s.<\/p>\r\n\r\n\r\n\r\n<p>Les perspectives d&#8217;\u00e9volution professionnelle sont excellentes pour les professionnels de la data. Les juniors avec peu d&#8217;exp\u00e9rience peuvent commencer leur carri\u00e8re en tant que data analyst ou data engineer. Les seniors peuvent \u00e9voluer vers des postes de <a href=\"https:\/\/www.digirocks.fr\/en\/talents\/chief-data-officer-paris-6216a5c0388638d30336b2ea\/\">chief data officer<\/a>, architecte big data ou machine learning engineer. Les r\u00e9mun\u00e9rations pour les m\u00e9tiers de la data sont g\u00e9n\u00e9ralement tr\u00e8s attractives.<\/p>\r\n\r\n\r\n\r\n<p>Les fourchettes de salaires pour les m\u00e9tiers de la data varient consid\u00e9rablement en fonction de l&#8217;exp\u00e9rience et du niveau de responsabilit\u00e9. Voici une estimation approximative des fourchettes de salaires pour chaque m\u00e9tier :<\/p>\r\n\r\n\r\n\r\n<ul class=\"wp-block-list\">\r\n<li>DATA ANALYST : de 30k\u20ac \u00e0 60k\u20ac pour un junior, de 60k\u20ac \u00e0 80k\u20ac pour un confirm\u00e9, de 80k\u20ac \u00e0 100k\u20ac pour un senior<\/li>\r\n\r\n\r\n\r\n<li>WEB ANALYST : de 30k\u20ac \u00e0 50k\u20ac pour un junior, de 50k\u20ac \u00e0 70k\u20ac pour un confirm\u00e9, de 70k\u20ac \u00e0 90k\u20ac pour un senior<\/li>\r\n\r\n\r\n\r\n<li>CHIEF DATA OFFICER : de 100k\u20ac \u00e0 150k\u20ac pour un confirm\u00e9, de 150k\u20ac \u00e0 200k\u20ac pour un senior<\/li>\r\n\r\n\r\n\r\n<li>DATA SCIENTIST : de 40k\u20ac \u00e0 70k\u20ac pour un junior, de 70k\u20ac \u00e0 100k\u20ac pour un confirm\u00e9, de 100k\u20ac \u00e0 150k\u20ac pour un senior<\/li>\r\n\r\n\r\n\r\n<li>DATA PROTECTION OFFICER : de 40k\u20ac \u00e0 70k\u20ac pour un junior, de 70k\u20ac \u00e0 100k\u20ac pour un confirm\u00e9, de 100k\u20ac \u00e0 150k\u20ac pour un senior<\/li>\r\n\r\n\r\n\r\n<li>DATA ENGINEER : de 35k\u20ac \u00e0 50k\u20ac pour un junior, de 50k\u20ac \u00e0 75k\u20ac pour un confirm\u00e9, de 75k\u20ac \u00e0 100k\u20ac pour un senior<\/li>\r\n\r\n\r\n\r\n<li>DATA MINER : de 35k\u20ac \u00e0 50k\u20ac pour un junior, de 50k\u20ac \u00e0 75k\u20ac pour un confirm\u00e9, de 75k\u20ac \u00e0 100k\u20ac pour un senior<\/li>\r\n\r\n\r\n\r\n<li>ARCHITECTE BIG DATA : de 50k\u20ac \u00e0 80k\u20ac pour un junior, de 80k\u20ac \u00e0 120k\u20ac pour un confirm\u00e9, de 120k\u20ac \u00e0 150k\u20ac pour un senior<\/li>\r\n\r\n\r\n\r\n<li>MACHINE LEARNING ENGINEER : de 40k\u20ac \u00e0 70k\u20ac pour un junior, de 70k\u20ac \u00e0 100k\u20ac pour un confirm\u00e9, de 100k\u20ac \u00e0 150k\u20ac pour un senior<\/li>\r\n\r\n\r\n\r\n<li>DATA QUALITY MANAGER : de 40k\u20ac \u00e0 60k\u20ac pour un junior, de 60k\u20ac \u00e0 80k\u20ac pour un confirm\u00e9, de 80k\u20ac \u00e0 100k\u20ac pour un senior<\/li>\r\n<\/ul>\r\n\r\n\r\n\r\n<h3 class=\"wp-block-heading\"><a href=\"https:\/\/www.digirocks.fr\/en\/trades\/data-analyst-2\/\">DATA ANALYST<\/a><\/h3>\r\n\r\n\r\n\r\n<p>Le data analyst est responsable de l&#8217;analyse et de l&#8217;interpr\u00e9tation des donn\u00e9es pour aider les entreprises \u00e0 prendre des d\u00e9cisions \u00e9clair\u00e9es. Ils sont charg\u00e9s de la collecte, du nettoyage et de l&#8217;analyse des donn\u00e9es pour en extraire des informations pertinentes.<\/p>\r\n\r\n\r\n\r\n<h3 class=\"wp-block-heading\"><a href=\"https:\/\/www.digirocks.fr\/en\/trades\/web-analyst\/\">WEB ANALYST<\/a><\/h3>\r\n\r\n\r\n\r\n<p>Le web analyst est responsable de l&#8217;analyse des donn\u00e9es li\u00e9es \u00e0 l&#8217;utilisation d&#8217;un site web. Ils collectent et analysent des donn\u00e9es telles que le trafic sur le site, les pages les plus consult\u00e9es et les taux de conversion. Ils utilisent ces informations pour optimiser l&#8217;exp\u00e9rience utilisateur et am\u00e9liorer les performances du site web.<\/p>\r\n\r\n\r\n\r\n<h3 class=\"wp-block-heading\">CHIEF DATA OFFICER<\/h3>\r\n\r\n\r\n\r\n<p>Le chief data officer (CDO) est responsable de la gestion des donn\u00e9es au sein d&#8217;une entreprise. Ils sont charg\u00e9s de la collecte, du stockage, de l&#8217;analyse et de la gestion des donn\u00e9es pour en tirer des informations utiles pour l&#8217;entreprise. Ils travaillent en \u00e9troite collaboration avec les \u00e9quipes d&#8217;ing\u00e9nieurs et de scientifiques des donn\u00e9es.<\/p>\r\n\r\n\r\n\r\n<h3 class=\"wp-block-heading\"><a href=\"https:\/\/www.digirocks.fr\/en\/trades\/data-scientist\/\">DATA SCIENTIST<\/a><\/h3>\r\n\r\n\r\n\r\n<p>Le data scientist est responsable de l&#8217;analyse et de l&#8217;interpr\u00e9tation des donn\u00e9es pour aider les entreprises \u00e0 prendre des d\u00e9cisions \u00e9clair\u00e9es. Ils utilisent des techniques d&#8217;apprentissage automatique et d&#8217;analyse statistique pour extraire des informations des donn\u00e9es. Ils travaillent en \u00e9troite collaboration avec les data engineers et les data analysts.<\/p>\r\n\r\n\r\n\r\n<h3 class=\"wp-block-heading\"><a href=\"https:\/\/www.digirocks.fr\/en\/trades\/data-protection-officer\/\">DATA PROTECTION OFFICER<\/a><\/h3>\r\n\r\n\r\n\r\n<p>Le data protection officer (DPO) est responsable de la gestion de la confidentialit\u00e9 et de la s\u00e9curit\u00e9 des donn\u00e9es au sein d&#8217;une entreprise. Ils sont charg\u00e9s de veiller \u00e0 ce que les donn\u00e9es soient collect\u00e9es, stock\u00e9es et utilis\u00e9es en conformit\u00e9 avec les r\u00e9glementations en mati\u00e8re de protection des donn\u00e9es.<\/p>\r\n\r\n\r\n\r\n<h3 class=\"wp-block-heading\"><a href=\"https:\/\/www.digirocks.fr\/en\/trades\/data-engineer\/\">DATA ENGINEER<\/a><\/h3>\r\n\r\n\r\n\r\n<p>Le data engineer est responsable de la conception, de la construction et de la maintenance des syst\u00e8mes de gestion de donn\u00e9es. Ils sont charg\u00e9s de la collecte et du stockage des donn\u00e9es pour en faciliter l&#8217;analyse ult\u00e9rieure.<\/p>\r\n\r\n\r\n\r\n<h3 class=\"wp-block-heading\"><a href=\"https:\/\/www.digirocks.fr\/en\/trades\/data-miner\/\">DATA MINER<\/a><\/h3>\r\n\r\n\r\n\r\n<p>Le data miner est responsable de l&#8217;analyse et de l&#8217;interpr\u00e9tation des donn\u00e9es pour aider les entreprises \u00e0 prendre des d\u00e9cisions \u00e9clair\u00e9es. Ils utilisent des techniques d&#8217;apprentissage automatique et d&#8217;analyse statistique pour extraire des informations des donn\u00e9es.<\/p>\r\n\r\n\r\n\r\n<h3 class=\"wp-block-heading\"><a href=\"https:\/\/www.digirocks.fr\/en\/trades\/architecte-big-data\/\">ARCHITECTE BIG DATA<\/a><\/h3>\r\n\r\n\r\n\r\n<p>L&#8217;architecte big data est responsable de la conception et de la mise en place de syst\u00e8mes de gestion de donn\u00e9es \u00e0 grande \u00e9chelle. Ils travaillent en \u00e9troite collaboration avec les data engineers pour concevoir des syst\u00e8mes capables de traiter et de stocker de grandes quantit\u00e9s de donn\u00e9es.<\/p>\r\n\r\n\r\n\r\n<h3 class=\"wp-block-heading\"><a href=\"https:\/\/www.digirocks.fr\/en\/trades\/machine-learning-engineer\/\">MACHINE LEARNING ENGINEER<\/a><\/h3>\r\n\r\n\r\n\r\n<p>Le machine learning engineer est responsable de la conception et de la mise en \u0153uvre de syst\u00e8mes d&#8217;apprentissage automatique. Ils travaillent en \u00e9troite collaboration avec les data scientists pour d\u00e9velopper des mod\u00e8les d&#8217;apprentissage automatique capables d&#8217;analyser efficacement les donn\u00e9es.<\/p>\r\n\r\n\r\n\r\n<h3 class=\"wp-block-heading\"><a href=\"https:\/\/www.digirocks.fr\/en\/trades\/data-quality-manager\/\">DATA QUALITY MANAGER<\/a><\/h3>\r\n\r\n\r\n\r\n<p>Le data quality manager est responsable de la qualit\u00e9 des donn\u00e9es utilis\u00e9es par une entreprise. Ils sont charg\u00e9s de veiller \u00e0 ce que les donn\u00e9es soient exactes, compl\u00e8tes et \u00e0 jour. Ils travaillent en \u00e9troite collaboration avec les data engineers et les data analysts pour s&#8217;assurer que les donn\u00e9es sont utilis\u00e9es de mani\u00e8re appropri\u00e9e.<\/p>\r\n<h2>Voir \u00e9galement &#x25b6;<a href=\"https:\/\/www.digirocks.fr\/en\/digital-professions\/metiers-it\/\">IT professions<\/a> et &#x25b6;<a href=\"https:\/\/www.digirocks.fr\/en\/digital-professions\/les-metiers-du-projet\/\">Project professions<\/a><\/h2>\r\n\r\n<p>&nbsp;<\/p>","protected":false},"excerpt":{"rendered":"<p>M\u00e9tiers de la Data Voici la liste des m\u00e9tiers de la Data\/Donn\u00e9es pour lesquels digiRocks recrute : Data Analyst Web Analyst Chief Data Officer Data Scientist Data Protection Officer La data est devenue un domaine d&#8217;activit\u00e9 en pleine expansion. Les [&hellip;]<\/p>\n","protected":false},"author":20,"featured_media":8455,"parent":748,"menu_order":0,"comment_status":"closed","ping_status":"closed","template":"","meta":{"_acf_changed":false,"footnotes":""},"class_list":["post-789","page","type-page","status-publish","has-post-thumbnail","hentry"],"acf":[],"_links":{"self":[{"href":"https:\/\/www.digirocks.fr\/en\/wp-json\/wp\/v2\/pages\/789","targetHints":{"allow":["GET"]}}],"collection":[{"href":"https:\/\/www.digirocks.fr\/en\/wp-json\/wp\/v2\/pages"}],"about":[{"href":"https:\/\/www.digirocks.fr\/en\/wp-json\/wp\/v2\/types\/page"}],"author":[{"embeddable":true,"href":"https:\/\/www.digirocks.fr\/en\/wp-json\/wp\/v2\/users\/20"}],"replies":[{"embeddable":true,"href":"https:\/\/www.digirocks.fr\/en\/wp-json\/wp\/v2\/comments?post=789"}],"version-history":[{"count":7,"href":"https:\/\/www.digirocks.fr\/en\/wp-json\/wp\/v2\/pages\/789\/revisions"}],"predecessor-version":[{"id":55378,"href":"https:\/\/www.digirocks.fr\/en\/wp-json\/wp\/v2\/pages\/789\/revisions\/55378"}],"up":[{"embeddable":true,"href":"https:\/\/www.digirocks.fr\/en\/wp-json\/wp\/v2\/pages\/748"}],"wp:featuredmedia":[{"embeddable":true,"href":"https:\/\/www.digirocks.fr\/en\/wp-json\/wp\/v2\/media\/8455"}],"wp:attachment":[{"href":"https:\/\/www.digirocks.fr\/en\/wp-json\/wp\/v2\/media?parent=789"}],"curies":[{"name":"wp","href":"https:\/\/api.w.org\/{rel}","templated":true}]}}