{"id":791,"date":"2023-03-14T12:50:32","date_gmt":"2023-03-14T12:50:32","guid":{"rendered":"https:\/\/www.digirocks.fr\/?page_id=791"},"modified":"2023-05-05T13:19:07","modified_gmt":"2023-05-05T13:19:07","slug":"metiers-e-commerce","status":"publish","type":"page","link":"https:\/\/www.digirocks.fr\/en\/digital-professions\/metiers-e-commerce\/","title":{"rendered":"Les m\u00e9tiers de l&#8217;E-commerce"},"content":{"rendered":"<div data-elementor-type=\"wp-page\" data-elementor-id=\"791\" class=\"elementor elementor-791\" data-elementor-post-type=\"page\">\n\t\t\t\t\t\t<section class=\"elementor-section elementor-top-section elementor-element elementor-element-cfe3d7c elementor-section-boxed elementor-section-height-default elementor-section-height-default\" data-id=\"cfe3d7c\" data-element_type=\"section\" data-e-type=\"section\">\n\t\t\t\t\t\t<div class=\"elementor-container elementor-column-gap-default\">\n\t\t\t\t\t<div class=\"elementor-column elementor-col-100 elementor-top-column elementor-element elementor-element-2500c552\" data-id=\"2500c552\" data-element_type=\"column\" data-e-type=\"column\">\n\t\t\t<div class=\"elementor-widget-wrap elementor-element-populated\">\n\t\t\t\t\t\t<div class=\"elementor-element elementor-element-369f02c4 elementor-widget elementor-widget-text-editor\" data-id=\"369f02c4\" data-element_type=\"widget\" data-e-type=\"widget\" data-widget_type=\"text-editor.default\">\n\t\t\t\t<div class=\"elementor-widget-container\">\n\t\t\t\t\t\t\t\t\t\n<h1>M\u00e9tiers de l&#8217;e-Commerce<\/h1>\n<h2>digiRocks recruits for the e-commerce and distance selling professions<\/h2>\n<p style=\"padding-left: 40px;\">\u25b6 <a href=\"https:\/\/www.digirocks.fr\/en\/trades\/marketplace-manager\/\">MarketPlace Manager<\/a><\/p>\n<p style=\"padding-left: 40px;\">\u25b6 <a href=\"https:\/\/www.digirocks.fr\/en\/trades\/emerchandising-manager\/\">eMerchandising Manager<\/a><\/p>\n<p style=\"padding-left: 40px;\">\u25b6 <a href=\"https:\/\/www.digirocks.fr\/en\/trades\/emerchandiser\/\">eMerchandiser<\/a><\/p>\n<p style=\"padding-left: 40px;\">\u25b6 <a href=\"https:\/\/www.digirocks.fr\/en\/trades\/consultant-e-commerce\/\">e-Commerce Consultant<\/a><\/p>\n<p style=\"padding-left: 40px;\">\u25b6 <a href=\"https:\/\/www.digirocks.fr\/en\/trades\/chef-de-projet-e-commerce\/\">e-Commerce Project Manager<\/a><\/p>\n<p style=\"padding-left: 40px;\">\u25b6 <a href=\"https:\/\/www.digirocks.fr\/en\/trades\/responsable-e-commerce\/\">e-Commerce Manager<\/a><\/p>\n<p style=\"padding-left: 40px;\">\u25b6 <a href=\"https:\/\/www.digirocks.fr\/en\/trades\/dir-e-commerce\/\">e-Commerce Manager<\/a><\/p>\n<p>\u00a0<\/p>\n<p><img fetchpriority=\"high\" decoding=\"async\" class=\"alignleft size-medium wp-image-8457\" src=\"https:\/\/www.digirocks.fr\/wp-content\/uploads\/2023\/04\/23-300x300.jpg\" alt=\"Resp. e-commerce\" width=\"300\" height=\"300\" title=\"\" srcset=\"https:\/\/www.digirocks.fr\/wp-content\/uploads\/2023\/04\/23-300x300.jpg 300w, https:\/\/www.digirocks.fr\/wp-content\/uploads\/2023\/04\/23-1024x1024.jpg 1024w, https:\/\/www.digirocks.fr\/wp-content\/uploads\/2023\/04\/23-150x150.jpg 150w, https:\/\/www.digirocks.fr\/wp-content\/uploads\/2023\/04\/23-768x768.jpg 768w, https:\/\/www.digirocks.fr\/wp-content\/uploads\/2023\/04\/23.jpg 1200w\" sizes=\"(max-width: 300px) 100vw, 300px\"><strong>E-commerce is a fast-growing sector, with an ever-increasing number of related professions.<\/strong><\/p>\n<p>Here's a presentation of the main e-commerce professions and their career development prospects, as well as potential salaries for juniors and seniors.<\/p>\n<!-- \/wp:paragraph --><!-- wp:paragraph -->\n<p>Les m\u00e9tiers du e-commerce sont tr\u00e8s vari\u00e9s et couvrent l&#8217;ensemble des activit\u00e9s li\u00e9es \u00e0 la vente en ligne, depuis la conception des sites web jusqu&#8217;\u00e0 la gestion des commandes et de la livraison.<\/p>\n<!-- \/wp:paragraph --><!-- wp:paragraph -->\n<p>Les r\u00e9mun\u00e9rations dans le e-commerce varient en fonction de l&#8217;exp\u00e9rience et du niveau de responsabilit\u00e9. Les juniors peuvent s&#8217;attendre \u00e0 des salaires compris entre 25k et 35k\u20ac annuels, tandis que les seniors peuvent gagner jusqu&#8217;\u00e0 80k\u20ac annuels ou bien plus pour les dir. eCommerce de sites majeurs.<\/p>\n<!-- \/wp:paragraph --><!-- wp:paragraph -->\n<h2>The main e-commerce professions are as follows:<\/h2>\n<!-- \/wp:paragraph --><!-- wp:heading {\"level\":3} -->\n<h3 class=\"wp-block-heading\"><a href=\"https:\/\/www.digirocks.fr\/en\/trades\/marketplace-manager\/\">MarketPlace Manager<\/a><\/h3>\n<!-- \/wp:heading --><!-- wp:paragraph -->\n<p>The MarketPlace Manager is responsible for marketplace management. He\/she must ensure that the company's products are correctly listed on the various online sales platforms, and that orders are processed efficiently.<\/p>\n<!-- \/wp:paragraph --><!-- wp:heading {\"level\":3} -->\n<h3><a href=\"https:\/\/www.digirocks.fr\/en\/trades\/emerchandising-manager\/\">eMerchandising Manager<\/a><\/h3>\n<!-- \/wp:heading --><!-- wp:paragraph -->\n<p>L&#8217;eMerchandising Manager est responsable de la pr\u00e9sentation des produits sur le site web de l&#8217;entreprise. Il doit optimiser l&#8217;exp\u00e9rience utilisateur et maximiser les ventes en utilisant des techniques de merchandising en ligne.<\/p>\n<!-- \/wp:paragraph --><!-- wp:heading {\"level\":3} -->\n<h3 class=\"wp-block-heading\">eMerchandiser<\/h3>\n<!-- \/wp:heading --><!-- wp:paragraph -->\n<p>L&#8217;eMerchandiser est responsable de la mise en avant des produits sur le site web de l&#8217;entreprise. Il doit s\u00e9lectionner les produits \u00e0 mettre en avant et cr\u00e9er des promotions pour stimuler les ventes.<\/p>\n<!-- \/wp:paragraph --><!-- wp:heading {\"level\":3} -->\n<h3><a href=\"https:\/\/www.digirocks.fr\/en\/trades\/consultant-e-commerce\/\">e-Commerce Consultant<\/a><\/h3>\n<!-- \/wp:heading --><!-- wp:paragraph -->\n<p>Le Consultant eCommerce est un expert en vente en ligne. Il conseille les entreprises sur la mani\u00e8re d&#8217;optimiser leur pr\u00e9sence en ligne et d&#8217;augmenter leurs ventes.<\/p>\n<!-- \/wp:paragraph --><!-- wp:heading {\"level\":3} -->\n<h3><a href=\"https:\/\/www.digirocks.fr\/en\/trades\/chef-de-projet-e-commerce\/\">e-Commerce Project Manager<\/a><\/h3>\n<!-- \/wp:heading --><!-- wp:paragraph -->\n<p>The eCommerce Project Manager is responsible for implementing online sales projects. He\/she must coordinate the various teams involved in the project, and ensure that deadlines and budgets are respected.<\/p>\n<!-- \/wp:paragraph --><!-- wp:heading {\"level\":3} -->\n<h3><a href=\"https:\/\/www.digirocks.fr\/en\/trades\/responsable-e-commerce\/\">e-Commerce Manager<\/a><\/h3>\n<!-- \/wp:heading --><!-- wp:paragraph -->\n<p>Le Responsable eCommerce est responsable de l&#8217;ensemble des activit\u00e9s li\u00e9es \u00e0 la vente en ligne au sein de l&#8217;entreprise. Il doit g\u00e9rer une \u00e9quipe de sp\u00e9cialistes et s&#8217;assurer que les objectifs de vente sont atteints.<\/p>\n<!-- \/wp:paragraph --><!-- wp:heading {\"level\":3} -->\n<h3><a href=\"https:\/\/www.digirocks.fr\/en\/trades\/dir-e-commerce\/\">e-Commerce Manager<\/a><\/h3>\n<!-- \/wp:heading --><!-- wp:paragraph -->\n<p>Le Directeur eCommerce est responsable de la strat\u00e9gie de vente en ligne de l&#8217;entreprise. Il doit d\u00e9finir les objectifs et les priorit\u00e9s de l&#8217;entreprise en mati\u00e8re de vente en ligne, et s&#8217;assurer que les diff\u00e9rentes \u00e9quipes impliqu\u00e9es travaillent ensemble de mani\u00e8re efficace.<\/p>\n<!-- \/wp:paragraph --><!-- wp:heading -->\n<h2 class=\"wp-block-heading\">Perspectives d&#8217;\u00e9volution professionnelle<\/h2>\n<!-- \/wp:heading --><!-- wp:paragraph -->\n<p>The prospects for professional development in e-commerce are good, with numerous career opportunities for qualified individuals. E-commerce professionals can progress to management or executive positions, or specialize in specific areas such as SEO, online advertising or customer relationship management.<\/p>\n<p><strong>These other digital job families may be of interest to you:<\/strong><\/p>\n<p style=\"padding-left: 40px;\">\u25b6 <a href=\"https:\/\/www.digirocks.fr\/en\/digital-professions\/les-metiers-du-projet\/\">Project professions<\/a><\/p>\n<p style=\"padding-left: 40px;\"><a href=\"https:\/\/www.digirocks.fr\/en\/digital-professions\/metiers-it\/\">\u25b6 IT professions<\/a><\/p>\n<p style=\"padding-left: 40px;\">\u25b6 <a href=\"https:\/\/www.digirocks.fr\/en\/digital-professions\/metiers-data\/\">Data professions<\/a><\/p>\n<!-- \/wp:paragraph --><!-- wp:paragraph -->\n<p>\u00a0<\/p>\n<!-- \/wp:paragraph -->\t\t\t\t\t\t\t\t<\/div>\n\t\t\t\t<\/div>\n\t\t\t\t\t<\/div>\n\t\t<\/div>\n\t\t\t\t\t<\/div>\n\t\t<\/section>\n\t\t\t\t<\/div>","protected":false},"excerpt":{"rendered":"<p>M\u00e9tiers de l&#8217;e-Commerce digiRocks recrute pour les professions du commerce en ligne et de la vente \u00e0 distance &#x25b6; MarketPlace Manager &#x25b6; eMerchandising Manager &#x25b6; eMerchandiser &#x25b6; Consultant e-Commerce &#x25b6; Chef de Projet e-Commerce &#x25b6; Responsable e-Commerce &#x25b6; Dir. e-Commerce [&hellip;]<\/p>\n","protected":false},"author":20,"featured_media":8479,"parent":748,"menu_order":0,"comment_status":"closed","ping_status":"closed","template":"","meta":{"_acf_changed":false,"footnotes":""},"class_list":["post-791","page","type-page","status-publish","has-post-thumbnail","hentry"],"acf":[],"_links":{"self":[{"href":"https:\/\/www.digirocks.fr\/en\/wp-json\/wp\/v2\/pages\/791","targetHints":{"allow":["GET"]}}],"collection":[{"href":"https:\/\/www.digirocks.fr\/en\/wp-json\/wp\/v2\/pages"}],"about":[{"href":"https:\/\/www.digirocks.fr\/en\/wp-json\/wp\/v2\/types\/page"}],"author":[{"embeddable":true,"href":"https:\/\/www.digirocks.fr\/en\/wp-json\/wp\/v2\/users\/20"}],"replies":[{"embeddable":true,"href":"https:\/\/www.digirocks.fr\/en\/wp-json\/wp\/v2\/comments?post=791"}],"version-history":[{"count":16,"href":"https:\/\/www.digirocks.fr\/en\/wp-json\/wp\/v2\/pages\/791\/revisions"}],"predecessor-version":[{"id":37899,"href":"https:\/\/www.digirocks.fr\/en\/wp-json\/wp\/v2\/pages\/791\/revisions\/37899"}],"up":[{"embeddable":true,"href":"https:\/\/www.digirocks.fr\/en\/wp-json\/wp\/v2\/pages\/748"}],"wp:featuredmedia":[{"embeddable":true,"href":"https:\/\/www.digirocks.fr\/en\/wp-json\/wp\/v2\/media\/8479"}],"wp:attachment":[{"href":"https:\/\/www.digirocks.fr\/en\/wp-json\/wp\/v2\/media?parent=791"}],"curies":[{"name":"wp","href":"https:\/\/api.w.org\/{rel}","templated":true}]}}