{"id":793,"date":"2023-03-14T12:50:59","date_gmt":"2023-03-14T12:50:59","guid":{"rendered":"https:\/\/www.digirocks.fr\/?page_id=793"},"modified":"2023-05-05T13:27:51","modified_gmt":"2023-05-05T13:27:51","slug":"metiers-it","status":"publish","type":"page","link":"https:\/\/www.digirocks.fr\/en\/digital-professions\/metiers-it\/","title":{"rendered":"Les m\u00e9tiers de l&#8217;IT"},"content":{"rendered":"<h1>M\u00e9tiers de l\u2019IT<\/h1>\n<h2>Voici les m\u00e9tiers de l&#8217;IT parmi lesquels digiRocks recrute<\/h2>\n<p>&nbsp;<\/p>\n<div class=\"elementor-post__text\">\n<p class=\"elementor-post__title\" style=\"padding-left: 40px;\">&#x25b6;<a href=\"https:\/\/www.digirocks.fr\/en\/trades\/qa-specialist\/\">QA Specialist<\/a><\/p>\n<p class=\"elementor-post__title\" style=\"padding-left: 40px;\">&#x25b6;<a href=\"https:\/\/www.digirocks.fr\/en\/trades\/qa-specialist\/\">QA Specialist<\/a><\/p>\n<p class=\"elementor-post__title\" style=\"padding-left: 40px;\">&#x25b6;<a href=\"https:\/\/www.digirocks.fr\/en\/trades\/architecte-it\/\">Architecte IT<\/a><\/p>\n<p class=\"elementor-post__title\" style=\"padding-left: 40px;\">&#x25b6; <a href=\"https:\/\/www.digirocks.fr\/en\/trades\/specialiste-cybersecurite\/\">Sp\u00e9cialiste CyberS\u00e9curit\u00e9<\/a><\/p>\n<p class=\"elementor-post__title\" style=\"padding-left: 40px;\">&#x25b6;<a href=\"https:\/\/www.digirocks.fr\/en\/trades\/consultant-it\/\">IT Consultant<\/a><\/p>\n<p class=\"elementor-post__title\" style=\"padding-left: 40px;\">&#x25b6;<a href=\"https:\/\/www.digirocks.fr\/en\/trades\/chef-de-projet-it\/\">Chef de Projet IT<\/a><\/p>\n<p class=\"elementor-post__title\" style=\"padding-left: 40px;\">&#x25b6;<a href=\"https:\/\/www.digirocks.fr\/en\/trades\/dir-it-ou-dir-des-systemes-dinformation\/\">Dir. IT ou Dir. des Syst\u00e8mes d\u2019Information<\/a><\/p>\n<p>&nbsp;<\/p>\n<\/div>\n<h2><img fetchpriority=\"high\" decoding=\"async\" class=\"size-medium wp-image-8484 alignleft\" src=\"https:\/\/www.digirocks.fr\/wp-content\/uploads\/2023\/04\/15-300x300.jpg\" alt=\"glossaire ou index ? tous les mots utiles pour comprendre le digital et ses m\u00e9tiers\" width=\"300\" height=\"300\" title=\"\" srcset=\"https:\/\/www.digirocks.fr\/wp-content\/uploads\/2023\/04\/15-300x300.jpg 300w, https:\/\/www.digirocks.fr\/wp-content\/uploads\/2023\/04\/15-1024x1024.jpg 1024w, https:\/\/www.digirocks.fr\/wp-content\/uploads\/2023\/04\/15-150x150.jpg 150w, https:\/\/www.digirocks.fr\/wp-content\/uploads\/2023\/04\/15-768x768.jpg 768w, https:\/\/www.digirocks.fr\/wp-content\/uploads\/2023\/04\/15.jpg 1200w\" sizes=\"(max-width: 300px) 100vw, 300px\"><\/h2>\n<p><strong>Les m\u00e9tiers IT &#8211; de l&#8217;informatique et des technologies de l&#8217;information (IT) sont en constante \u00e9volution et sont de plus en plus demand\u00e9s dans le monde entier.<\/strong><\/p>\n<p>Ces m\u00e9tiers sont essentiels pour la gestion des syst\u00e8mes informatiques, des r\u00e9seaux et des bases de donn\u00e9es. Les professionnels de l&#8217;IT peuvent travailler dans une vari\u00e9t\u00e9 d&#8217;industries, y compris les entreprises de technologie, les gouvernements et les organisations \u00e0 but non lucratif.<\/p>\n<p>Les perspectives d&#8217;\u00e9volution professionnelle pour les professionnels de l&#8217;IT sont excellentes, en particulier pour ceux qui ont une exp\u00e9rience et des comp\u00e9tences de pointe. Les salaires varient consid\u00e9rablement en fonction de l&#8217;exp\u00e9rience, de l&#8217;emplacement et du type de fonction. Pour les juniors, le salaire peut commencer \u00e0 environ 30 000 \u20ac par an, tandis que les seniors peuvent gagner plus de 100 000 \u20ac par an.<\/p>\n<h2>Parmi les postes les plus populaires dans les m\u00e9tiers de l&#8217;IT\/Information Technology, on retrouve:<\/h2>\n<h2><\/h2>\n<h3><a href=\"https:\/\/www.digirocks.fr\/en\/trades\/qa-specialist\/\">QA Specialist<\/a><\/h3>\n<p>Un sp\u00e9cialiste en assurance qualit\u00e9 (QA) est responsable de la v\u00e9rification de la qualit\u00e9 des logiciels, de la documentation et des syst\u00e8mes. Les t\u00e2ches courantes incluent la mise en place de plans de test, l&#8217;ex\u00e9cution de tests manuels et automatiques, la participation \u00e0 la r\u00e9solution des probl\u00e8mes et la mise en place de mesures correctives.<\/p>\n<h3><a href=\"https:\/\/www.digirocks.fr\/en\/trades\/architecte-it\/\">Architecte IT<\/a><\/h3>\n<p>L&#8217;architecte IT est charg\u00e9 de la conception et de la planification des syst\u00e8mes informatiques pour r\u00e9pondre aux besoins commerciaux. Ils sont responsables de la cr\u00e9ation de plans de conception, de la supervision de l&#8217;\u00e9quipe de d\u00e9veloppement et de l&#8217;\u00e9valuation des performances des syst\u00e8mes.<\/p>\n<h3><a href=\"https:\/\/www.digirocks.fr\/en\/trades\/specialiste-cybersecurite\/\">Sp\u00e9cialiste Cybers\u00e9curit\u00e9<\/a><\/h3>\n<p>La cybers\u00e9curit\u00e9 est un domaine en constante \u00e9volution qui implique la protection des syst\u00e8mes informatiques contre les attaques malveillantes. Les professionnels de la cybers\u00e9curit\u00e9 sont responsables de la conception, de la mise en place et de la maintenance de la s\u00e9curit\u00e9 des syst\u00e8mes informatiques. Les t\u00e2ches courantes incluent la surveillance des r\u00e9seaux, la mise en place de mesures de s\u00e9curit\u00e9 et la r\u00e9solution des probl\u00e8mes.<\/p>\n<h3><a href=\"https:\/\/www.digirocks.fr\/en\/trades\/consultant-it\/\">IT Consultant<\/a><\/h3>\n<p>Un consultant en informatique fournit des conseils aux entreprises sur la mani\u00e8re d&#8217;am\u00e9liorer leur infrastructure informatique et de maximiser leur efficacit\u00e9. Les t\u00e2ches courantes incluent l&#8217;analyse des besoins commerciaux, la cr\u00e9ation de plans de projet et la mise en place de solutions informatiques.<\/p>\n<h3><a href=\"https:\/\/www.digirocks.fr\/en\/trades\/chef-de-projet-it\/\">Chef de projet IT<\/a><\/h3>\n<p>Un chef de projet IT est responsable de la gestion de projets informatiques, y compris la planification, la mise en \u0153uvre et la surveillance de l&#8217;avancement. Ils sont responsables de la coordination des \u00e9quipes de d\u00e9veloppement et de la communication avec les parties prenantes.<\/p>\n<h3>Dir. IT\/DSI<\/h3>\n<p>Le directeur informatique (CIO) est responsable de la strat\u00e9gie informatique globale de l&#8217;organisation. Ils supervisent les \u00e9quipes de d\u00e9veloppement et de soutien, ainsi que la mise en place des politiques et des proc\u00e9dures.<\/p>\n<h3><a href=\"https:\/\/www.digirocks.fr\/en\/trades\/ingenieur-daffaires-it\/\">Ing\u00e9nieur d&#8217;affaires IT<\/a><\/h3>\n<p>Un ing\u00e9nieur d&#8217;affaires est responsable de la gestion des relations avec les clients et de la vente de services informatiques. Les t\u00e2ches courantes incluent la cr\u00e9ation de propositions commerciales, la gestion des relations avec les clients et la supervision des projets.<\/p>\n<h2>These other digital job families may be of interest to you:<\/h2>\n<ul>\n<li>\n<h3><a href=\"https:\/\/www.digirocks.fr\/en\/digital-professions\/les-metiers-du-projet\/\">Project professions<\/a><\/h3>\n<\/li>\n<li>\n<h3><a href=\"https:\/\/www.digirocks.fr\/en\/digital-professions\/metiers-e-commerce\/\">E-commerce professions<\/a><\/h3>\n<\/li>\n<li>\n<h3><a href=\"https:\/\/www.digirocks.fr\/en\/digital-professions\/metiers-data\/\">Data professions<\/a><\/h3>\n<\/li>\n<li>\n<h3><a href=\"https:\/\/www.digirocks.fr\/en\/digital-professions\/\">The digital professions to apply or recruit with digiRocks<\/a><\/h3>\n<\/li>\n<\/ul>\n<p>&nbsp;<\/p>","protected":false},"excerpt":{"rendered":"<p>M\u00e9tiers de l\u2019IT Voici les m\u00e9tiers de l&#8217;IT parmi lesquels digiRocks recrute &nbsp; &#x25b6;QA Specialist &#x25b6;QA Specialist &#x25b6;Architecte IT &#x25b6; Sp\u00e9cialiste CyberS\u00e9curit\u00e9 &#x25b6;Consultant IT &#x25b6;Chef de Projet IT &#x25b6;Dir. IT ou Dir. des Syst\u00e8mes d\u2019Information &nbsp; Les m\u00e9tiers IT &#8211; [&hellip;]<\/p>\n","protected":false},"author":20,"featured_media":8454,"parent":748,"menu_order":0,"comment_status":"closed","ping_status":"closed","template":"","meta":{"_acf_changed":false,"footnotes":""},"class_list":["post-793","page","type-page","status-publish","has-post-thumbnail","hentry"],"acf":[],"_links":{"self":[{"href":"https:\/\/www.digirocks.fr\/en\/wp-json\/wp\/v2\/pages\/793","targetHints":{"allow":["GET"]}}],"collection":[{"href":"https:\/\/www.digirocks.fr\/en\/wp-json\/wp\/v2\/pages"}],"about":[{"href":"https:\/\/www.digirocks.fr\/en\/wp-json\/wp\/v2\/types\/page"}],"author":[{"embeddable":true,"href":"https:\/\/www.digirocks.fr\/en\/wp-json\/wp\/v2\/users\/20"}],"replies":[{"embeddable":true,"href":"https:\/\/www.digirocks.fr\/en\/wp-json\/wp\/v2\/comments?post=793"}],"version-history":[{"count":16,"href":"https:\/\/www.digirocks.fr\/en\/wp-json\/wp\/v2\/pages\/793\/revisions"}],"predecessor-version":[{"id":37904,"href":"https:\/\/www.digirocks.fr\/en\/wp-json\/wp\/v2\/pages\/793\/revisions\/37904"}],"up":[{"embeddable":true,"href":"https:\/\/www.digirocks.fr\/en\/wp-json\/wp\/v2\/pages\/748"}],"wp:featuredmedia":[{"embeddable":true,"href":"https:\/\/www.digirocks.fr\/en\/wp-json\/wp\/v2\/media\/8454"}],"wp:attachment":[{"href":"https:\/\/www.digirocks.fr\/en\/wp-json\/wp\/v2\/media?parent=793"}],"curies":[{"name":"wp","href":"https:\/\/api.w.org\/{rel}","templated":true}]}}