{"id":797,"date":"2023-03-14T12:52:04","date_gmt":"2023-03-14T12:52:04","guid":{"rendered":"https:\/\/www.digirocks.fr\/?page_id=797"},"modified":"2023-05-05T13:21:56","modified_gmt":"2023-05-05T13:21:56","slug":"product-professions","status":"publish","type":"page","link":"https:\/\/www.digirocks.fr\/en\/digital-professions\/product-professions\/","title":{"rendered":"Product professions"},"content":{"rendered":"<h1>M\u00e9tiers du Produit\/Product Marketing<\/h1>\n<ul>\n<li><a href=\"https:\/\/www.notion.so\/Web-Designer-53b21232d9c444da9f3ef4bc92a20be6\" target=\"_blank\" rel=\"noopener\">Web Designer<\/a><\/li>\n<li><a href=\"https:\/\/www.notion.so\/Product-Owner-601e0f1f43e9453c89e8870e48e56098\" target=\"_blank\" rel=\"noopener\">Product Owner<\/a><\/li>\n<li><a href=\"https:\/\/www.notion.so\/Product-Manager-0e18dd0af20249979bb7f860548068a3\" target=\"_blank\" rel=\"noopener\">Product Manager<\/a><\/li>\n<li><a href=\"https:\/\/www.notion.so\/Expert-UX-UI-0aafed0a234c48aa94f9d7e4a2625abb\" target=\"_blank\" rel=\"noopener\">Expert UX\/UI<\/a><\/li>\n<li><a href=\"https:\/\/www.notion.so\/Scrum-Master-a1037ad875a941b398c393c61a7c6619\" target=\"_blank\" rel=\"noopener\">Scrum Master<\/a><\/li>\n<li><a href=\"https:\/\/www.notion.so\/Consultant-Low-code-No-code-e1237e314ccc4e2a8e0a1b8735a85f22\" target=\"_blank\" rel=\"noopener\">Consultant Low code\/No code<\/a><\/li>\n<li><a href=\"https:\/\/www.notion.so\/Product-Marketing-Manager-9a91088a068549178262e6d70da86ccc\" target=\"_blank\" rel=\"noopener\">Product Marketing Manager<\/a><\/li>\n<li><a href=\"https:\/\/www.notion.so\/Chief-Product-Officer-314a8786c4724b6fb5c7e5fa001f8c13\" target=\"_blank\" rel=\"noopener\">Chief Product Officer<\/a><\/li>\n<\/ul>\n<h2>Les m\u00e9tiers du &#8220;Produit&#8221; ou Product Marketing sont des postes cl\u00e9s dans les entreprises qui d\u00e9veloppent des produits num\u00e9riques.<\/h2>\n<p>Ils concernent des domaines tels que la conception, la gestion et la commercialisation de produits. Les professionnels de ces m\u00e9tiers sont charg\u00e9s de mener \u00e0 bien la cr\u00e9ation et la mise sur le march\u00e9 de produits innovants r\u00e9pondant aux besoins des clients.<\/p>\n<p>Ces m\u00e9tiers offrent de bonnes perspectives d&#8217;\u00e9volution professionnelle. Les juniors peuvent commencer leur carri\u00e8re en tant que Webdesigner, UX\/UI Designer ou Consultant Low Code \/ No Code, avec une r\u00e9mun\u00e9ration annuelle brute moyenne de 30 000 \u00e0 40 000 euros. Les seniors peuvent \u00e9voluer vers des postes plus hauts plac\u00e9s, tels que Product Owner, Product Manager, Scrum Master ou Chief Product Officer, avec une r\u00e9mun\u00e9ration annuelle brute moyenne de 60 000 \u00e0 100 000 euros.<\/p>\n<h2>Webdesigner<\/h2>\n<p>Le Webdesigner est un professionnel charg\u00e9 de la conception et de la cr\u00e9ation d&#8217;interfaces graphiques pour les sites web ou les applications mobiles. Il doit \u00eatre en mesure de concevoir des interfaces d&#8217;utilisation intuitives et esth\u00e9tiques, de cr\u00e9er des maquettes et des prototypes, et de travailler en \u00e9troite collaboration avec les d\u00e9veloppeurs.<\/p>\n<h2>Product Owner<\/h2>\n<p>Le Product Owner est responsable de la d\u00e9finition et de la gestion du produit. Il est charg\u00e9 de d\u00e9finir la vision du produit, de prioriser les fonctionnalit\u00e9s, de collaborer avec l&#8217;\u00e9quipe de d\u00e9veloppement et de s&#8217;assurer que le produit est d\u00e9velopp\u00e9 en conformit\u00e9 avec les exigences et les sp\u00e9cifications.<\/p>\n<h2>Product Manager<\/h2>\n<p>Le Product Manager est responsable du d\u00e9veloppement et de la mise en \u0153uvre de la strat\u00e9gie de produit. Il doit \u00eatre en mesure de d\u00e9finir la vision et la feuille de route du produit, de g\u00e9rer le cycle de vie du produit, de collaborer avec les \u00e9quipes de d\u00e9veloppement et de marketing, et d&#8217;analyser les donn\u00e9es.<\/p>\n<h2>Expert(e) UX\/UI<\/h2>\n<p>L&#8217;Expert(e) UX\/UI est un professionnel sp\u00e9cialis\u00e9 dans la conception d&#8217;exp\u00e9riences utilisateur. Il doit \u00eatre en mesure de comprendre les besoins et les attentes des utilisateurs, de concevoir des interfaces utilisateur intuitives et esth\u00e9tiques, de r\u00e9aliser des tests d&#8217;utilisabilit\u00e9 et de travailler en \u00e9troite collaboration avec les d\u00e9veloppeurs.<\/p>\n<h2>Scrum Master<\/h2>\n<p>Le Scrum Master est un professionnel responsable de la mise en \u0153uvre de la m\u00e9thodologie de d\u00e9veloppement Agile Scrum. Il doit \u00eatre en mesure de faciliter les r\u00e9unions Scrum, de guider l&#8217;\u00e9quipe de d\u00e9veloppement, de r\u00e9soudre les probl\u00e8mes et de s&#8217;assurer que la m\u00e9thodologie est respect\u00e9e.<\/p>\n<h2>Consultant Low Code \/ No Code<\/h2>\n<p>Le Consultant Low Code \/ No Code est un professionnel sp\u00e9cialis\u00e9 dans la conception et la mise en place de solutions logicielles avec des outils de d\u00e9veloppement Low Code \/ No Code. Il doit \u00eatre en mesure de comprendre les besoins des clients, de concevoir des solutions logicielles, de d\u00e9velopper des applications, de r\u00e9aliser des tests et de s&#8217;assurer que les solutions sont conformes aux exigences.<\/p>\n<h2>Product Marketing Manager<\/h2>\n<p>Le Product Marketing Manager est responsable de la commercialisation du produit. Il doit \u00eatre en mesure de d\u00e9finir les strat\u00e9gies de marketing, de collaborer avec les \u00e9quipes de d\u00e9veloppement et de vente, de r\u00e9aliser des analyses de march\u00e9 et de comp\u00e9tition, et de s&#8217;assurer que le produit est positionn\u00e9 de mani\u00e8re optimale sur le march\u00e9.<\/p>\n<h2>Chief Product Officer<\/h2>\n<p>Le Chief Product Officer est responsable de la strat\u00e9gie de produit globale de l&#8217;entreprise. Il doit \u00eatre en mesure de d\u00e9finir la vision et la feuille de route du produit, de g\u00e9rer le cycle de vie du produit, de collaborer avec les diff\u00e9rentes \u00e9quipes de l&#8217;entreprise, de superviser les \u00e9quipes de d\u00e9veloppement et de marketing, et d&#8217;analyser les donn\u00e9es.<\/p>\n<ul>\n<li>Web Designer<\/li>\n<li>Product Owner<\/li>\n<li>Product Manager<\/li>\n<li>Expert UX\/UI<\/li>\n<li>Scrum Master<\/li>\n<li>Consultant Low code\/No code<\/li>\n<li>Product Marketing Manager<\/li>\n<li>Chief Product Officer<\/li>\n<\/ul>","protected":false},"excerpt":{"rendered":"<p>M\u00e9tiers du Produit\/Product Marketing Web Designer Product Owner Product Manager Expert UX\/UI Scrum Master Consultant Low code\/No code Product Marketing Manager Chief Product Officer Les m\u00e9tiers du &#8220;Produit&#8221; ou Product Marketing sont des postes cl\u00e9s dans les entreprises qui d\u00e9veloppent [&hellip;]<\/p>\n","protected":false},"author":20,"featured_media":8433,"parent":748,"menu_order":0,"comment_status":"closed","ping_status":"closed","template":"","meta":{"_acf_changed":false,"footnotes":""},"class_list":["post-797","page","type-page","status-publish","has-post-thumbnail","hentry"],"acf":[],"_links":{"self":[{"href":"https:\/\/www.digirocks.fr\/en\/wp-json\/wp\/v2\/pages\/797","targetHints":{"allow":["GET"]}}],"collection":[{"href":"https:\/\/www.digirocks.fr\/en\/wp-json\/wp\/v2\/pages"}],"about":[{"href":"https:\/\/www.digirocks.fr\/en\/wp-json\/wp\/v2\/types\/page"}],"author":[{"embeddable":true,"href":"https:\/\/www.digirocks.fr\/en\/wp-json\/wp\/v2\/users\/20"}],"replies":[{"embeddable":true,"href":"https:\/\/www.digirocks.fr\/en\/wp-json\/wp\/v2\/comments?post=797"}],"version-history":[{"count":6,"href":"https:\/\/www.digirocks.fr\/en\/wp-json\/wp\/v2\/pages\/797\/revisions"}],"predecessor-version":[{"id":37900,"href":"https:\/\/www.digirocks.fr\/en\/wp-json\/wp\/v2\/pages\/797\/revisions\/37900"}],"up":[{"embeddable":true,"href":"https:\/\/www.digirocks.fr\/en\/wp-json\/wp\/v2\/pages\/748"}],"wp:featuredmedia":[{"embeddable":true,"href":"https:\/\/www.digirocks.fr\/en\/wp-json\/wp\/v2\/media\/8433"}],"wp:attachment":[{"href":"https:\/\/www.digirocks.fr\/en\/wp-json\/wp\/v2\/media?parent=797"}],"curies":[{"name":"wp","href":"https:\/\/api.w.org\/{rel}","templated":true}]}}