{"id":9033,"date":"2023-04-21T15:55:53","date_gmt":"2023-04-21T15:55:53","guid":{"rendered":"https:\/\/www.digirocks.fr\/?page_id=9033"},"modified":"2025-05-13T09:25:02","modified_gmt":"2025-05-13T09:25:02","slug":"digirocks-history","status":"publish","type":"page","link":"https:\/\/www.digirocks.fr\/en\/a-propos\/digirocks-history\/","title":{"rendered":"History of digiRocks"},"content":{"rendered":"<div data-elementor-type=\"wp-page\" data-elementor-id=\"9033\" class=\"elementor elementor-9033\" data-elementor-post-type=\"page\">\n\t\t\t\t<div class=\"elementor-element elementor-element-5143335b e-flex e-con-boxed e-con e-parent\" data-id=\"5143335b\" data-element_type=\"container\" data-e-type=\"container\">\n\t\t\t\t\t<div class=\"e-con-inner\">\n\t\t\t\t<div class=\"elementor-element elementor-element-7d3af6a9 elementor-widget elementor-widget-text-editor\" data-id=\"7d3af6a9\" data-element_type=\"widget\" data-e-type=\"widget\" data-widget_type=\"text-editor.default\">\n\t\t\t\t<div class=\"elementor-widget-container\">\n\t\t\t\t\t\t\t\t\t<p>Tirez le meilleur des deux mondes avec digiRocks: plateforme et cabinet de recrutement sp\u00e9cialis\u00e9 dans le digital et l\u2019informatique.<\/p><p>Depuis 2017, digiRocks a d\u00e9j\u00e0 accompagn\u00e9 450 soci\u00e9t\u00e9s dans plus de 5000 recrutements, avec au moins deux talents pr\u00e9sent\u00e9s en deux semaines pour un recrutement effectu\u00e9 en 30 jours, avec 3 mois de garantie satisfait ou remplac\u00e9, le tout sans avancer aucun frais, donc sans risque. &#8220;Nous ne sommes pas pay\u00e9s pour chercher, nous le sommes pour trouver \u00bb dit souvent notre CEO.<\/p><p>Profils commerciaux, produit, projet, technique, data pour des grands comptes, des start-up\/scale-up, des PME-ETI, dans le conseil, le SaaS, des agences ou m\u00eame des annonceurs \/ clients finaux. N\u2019h\u00e9sitez pas \u00e0 visiter notre annuaire talent pour voir en live les derniers profils \u00e0 qui nous parlons.<\/p>\t\t\t\t\t\t\t\t<\/div>\n\t\t\t\t<\/div>\n\t\t\t\t\t<\/div>\n\t\t\t\t<\/div>\n\t\t\t\t<\/div>","protected":false},"excerpt":{"rendered":"<p>Tirez le meilleur des deux mondes avec digiRocks: plateforme et cabinet de recrutement sp\u00e9cialis\u00e9 dans le digital et l\u2019informatique. Depuis 2017, digiRocks a d\u00e9j\u00e0 accompagn\u00e9 450 soci\u00e9t\u00e9s dans plus de 5000 recrutements, avec au moins deux talents pr\u00e9sent\u00e9s en deux [&hellip;]<\/p>\n","protected":false},"author":30,"featured_media":58070,"parent":734,"menu_order":0,"comment_status":"closed","ping_status":"closed","template":"","meta":{"_acf_changed":false,"footnotes":""},"class_list":["post-9033","page","type-page","status-publish","has-post-thumbnail","hentry"],"acf":[],"_links":{"self":[{"href":"https:\/\/www.digirocks.fr\/en\/wp-json\/wp\/v2\/pages\/9033","targetHints":{"allow":["GET"]}}],"collection":[{"href":"https:\/\/www.digirocks.fr\/en\/wp-json\/wp\/v2\/pages"}],"about":[{"href":"https:\/\/www.digirocks.fr\/en\/wp-json\/wp\/v2\/types\/page"}],"author":[{"embeddable":true,"href":"https:\/\/www.digirocks.fr\/en\/wp-json\/wp\/v2\/users\/30"}],"replies":[{"embeddable":true,"href":"https:\/\/www.digirocks.fr\/en\/wp-json\/wp\/v2\/comments?post=9033"}],"version-history":[{"count":18,"href":"https:\/\/www.digirocks.fr\/en\/wp-json\/wp\/v2\/pages\/9033\/revisions"}],"predecessor-version":[{"id":58790,"href":"https:\/\/www.digirocks.fr\/en\/wp-json\/wp\/v2\/pages\/9033\/revisions\/58790"}],"up":[{"embeddable":true,"href":"https:\/\/www.digirocks.fr\/en\/wp-json\/wp\/v2\/pages\/734"}],"wp:featuredmedia":[{"embeddable":true,"href":"https:\/\/www.digirocks.fr\/en\/wp-json\/wp\/v2\/media\/58070"}],"wp:attachment":[{"href":"https:\/\/www.digirocks.fr\/en\/wp-json\/wp\/v2\/media?parent=9033"}],"curies":[{"name":"wp","href":"https:\/\/api.w.org\/{rel}","templated":true}]}}